{"id":1007,"date":"2023-09-11T16:18:37","date_gmt":"2023-09-11T14:18:37","guid":{"rendered":"https:\/\/gol.lu\/?page_id=1007"},"modified":"2023-09-11T16:34:48","modified_gmt":"2023-09-11T14:34:48","slug":"extrait-de-la-constitution-du-grand-orient-de-luxembourg-2","status":"publish","type":"page","link":"https:\/\/gol.lu\/index.php\/extrait-de-la-constitution-du-grand-orient-de-luxembourg-2\/","title":{"rendered":"Extrait de la Constitution du Grand Orient de Luxembourg"},"content":{"rendered":"<p>La Franc-Ma\u00e7onnerie, institution essentiellement philanthropique, philosophique et progressive, a pour objet la recherche de la v\u00e9rit\u00e9, l\u2019\u00e9tude de la morale et la pratique de la solidarit\u00e9\u00a0; elle travaille \u00e0 l\u2019am\u00e9lioration mat\u00e9rielle et morale, au perfectionnement intellectuel et social de l\u2019Humanit\u00e9.<\/p>\n<p>Elle a pour principe la tol\u00e9rance mutuelle, le respect des autres et de soi-m\u00eame, la libert\u00e9 absolue de conscience. Respectueuse de l\u2019appr\u00e9ciation individuelle de ses membres, la Franc-Ma\u00e7onnerie ne formule ou n\u2019invoque aucun dogme.<\/p>\n<p>Elle a pour devise\u00a0: Libert\u00e9, Egalit\u00e9, Fraternit\u00e9.<\/p>\n<p>Elle a pour devoir d\u2019\u00e9tendre \u00e0 tous les membres de l\u2019Humanit\u00e9 les liens fraternels qui unissent les Francs-Ma\u00e7ons sur toute la surface du Globe.<\/p>\n<p>Centre de l&rsquo;union de hautes valeurs morales qui, sans elle, auraient continu\u00e9 de s&rsquo;ignorer, elle forme une soci\u00e9t\u00e9 de personnes qui travaillent individuellement et collectivement au progr\u00e8s de l&rsquo;Humanit\u00e9 et exercent ainsi la bienfaisance dans son sens le plus \u00e9lev\u00e9.<\/p>\n<p>Elle recommande \u00e0 ses adeptes l&rsquo;action par l&rsquo;exemple, la parole et l&rsquo;\u00e9crit, sous r\u00e9serve de l&rsquo;observation du secret ma\u00e7onnique.<\/p>\n<p><a href=\"https:\/\/gol.lu\/index.php\/over-ons\/les-origines-du-grand-orient-de-luxembourg\/\">Les origines du Grand Orient de Luxembourg<\/a><\/p>\n","protected":false},"excerpt":{"rendered":"<p>La Franc-Ma\u00e7onnerie, institution essentiellement philanthropique, philosophique et progressive, a pour objet la recherche de la v\u00e9rit\u00e9, l\u2019\u00e9tude de la morale et la pratique de la solidarit\u00e9\u00a0; elle travaille \u00e0 l\u2019am\u00e9lioration mat\u00e9rielle et morale, au perfectionnement intellectuel et social de l\u2019Humanit\u00e9. Elle a pour principe la tol\u00e9rance mutuelle, le respect des autres et de soi-m\u00eame, la &hellip; <\/p>\n<p class=\"link-more\"><a href=\"https:\/\/gol.lu\/index.php\/extrait-de-la-constitution-du-grand-orient-de-luxembourg-2\/\" class=\"more-link\">Continuer la lecture<span class=\"screen-reader-text\"> de &laquo;&nbsp;Extrait de la Constitution du Grand Orient de Luxembourg&nbsp;&raquo;<\/span><\/a><\/p>\n","protected":false},"author":5,"featured_media":0,"parent":0,"menu_order":0,"comment_status":"closed","ping_status":"closed","template":"","meta":{"footnotes":""},"class_list":["post-1007","page","type-page","status-publish","hentry"],"aioseo_notices":[],"jetpack_shortlink":"https:\/\/wp.me\/Pf1Mle-gf","jetpack_sharing_enabled":true,"_links":{"self":[{"href":"https:\/\/gol.lu\/index.php\/wp-json\/wp\/v2\/pages\/1007","targetHints":{"allow":["GET"]}}],"collection":[{"href":"https:\/\/gol.lu\/index.php\/wp-json\/wp\/v2\/pages"}],"about":[{"href":"https:\/\/gol.lu\/index.php\/wp-json\/wp\/v2\/types\/page"}],"author":[{"embeddable":true,"href":"https:\/\/gol.lu\/index.php\/wp-json\/wp\/v2\/users\/5"}],"replies":[{"embeddable":true,"href":"https:\/\/gol.lu\/index.php\/wp-json\/wp\/v2\/comments?post=1007"}],"version-history":[{"count":6,"href":"https:\/\/gol.lu\/index.php\/wp-json\/wp\/v2\/pages\/1007\/revisions"}],"predecessor-version":[{"id":1015,"href":"https:\/\/gol.lu\/index.php\/wp-json\/wp\/v2\/pages\/1007\/revisions\/1015"}],"wp:attachment":[{"href":"https:\/\/gol.lu\/index.php\/wp-json\/wp\/v2\/media?parent=1007"}],"curies":[{"name":"wp","href":"https:\/\/api.w.org\/{rel}","templated":true}]}}