{"id":1386,"date":"2024-04-16T14:27:54","date_gmt":"2024-04-16T12:27:54","guid":{"rendered":"https:\/\/gol.lu\/?page_id=1386"},"modified":"2024-04-23T11:24:47","modified_gmt":"2024-04-23T09:24:47","slug":"devenir-franc-maconne","status":"publish","type":"page","link":"https:\/\/gol.lu\/index.php\/devenir-franc-maconne\/","title":{"rendered":"Devenir franc-ma\u00e7on(ne)"},"content":{"rendered":"<p>La Franc-Ma\u00e7onnerie est une institution avec des hautes valeurs morales qui entend travailler \u00e0 l\u2019am\u00e9lioration mat\u00e9rielle et morale, au perfectionnement intellectuel et social de l\u2019Humanit\u00e9.<br \/>\nLe Grand Orient de Luxembourg, en particulier, est une ob\u00e9dience ma\u00e7onnique adogmatique, la\u00efque et pluraliste.<\/p>\n<p>La Franc-Ma\u00e7onnerie demande \u00e0 ses membres de souscrire aux buts et principes de l&rsquo;organisation (cf. l&rsquo;onglet \u00ab\u00a0Extrait de la Constitution\u00a0\u00bb), elle recommande l&rsquo;action par l&rsquo;exemple et exige un r\u00e9el engagement aussi bien au sein de la Loge que dans le monde profane.<\/p>\n<p>L\u2019adh\u00e9sion \u00e0 la Franc-Ma\u00e7onnerie est une d\u00e9marche de d\u00e9veloppement personnel fond\u00e9e sur une approche rituelle et utilisant une m\u00e9thode symbolique. La discr\u00e9tion \u00e0 l&rsquo;\u00e9gard du monde profane est une condition n\u00e9cessaire \u00e0 la garantie de la libert\u00e9 d&rsquo;expression au sein de la loge.<\/p>\n<p>Si vous envisagez de devenir franc-ma\u00e7on(ne), de plus amples informations sont disponibles sous l\u2019onglet \u00ab Contact \u00bb<\/p>\n","protected":false},"excerpt":{"rendered":"<p>La Franc-Ma\u00e7onnerie est une institution avec des hautes valeurs morales qui entend travailler \u00e0 l\u2019am\u00e9lioration mat\u00e9rielle et morale, au perfectionnement intellectuel et social de l\u2019Humanit\u00e9. Le Grand Orient de Luxembourg, en particulier, est une ob\u00e9dience ma\u00e7onnique adogmatique, la\u00efque et pluraliste. La Franc-Ma\u00e7onnerie demande \u00e0 ses membres de souscrire aux buts et principes de l&rsquo;organisation (cf. &hellip; <\/p>\n<p class=\"link-more\"><a href=\"https:\/\/gol.lu\/index.php\/devenir-franc-maconne\/\" class=\"more-link\">Continuer la lecture<span class=\"screen-reader-text\"> de &laquo;&nbsp;Devenir franc-ma\u00e7on(ne)&nbsp;&raquo;<\/span><\/a><\/p>\n","protected":false},"author":5,"featured_media":76,"parent":0,"menu_order":0,"comment_status":"closed","ping_status":"closed","template":"","meta":{"footnotes":""},"class_list":["post-1386","page","type-page","status-publish","has-post-thumbnail","hentry"],"aioseo_notices":[],"jetpack_shortlink":"https:\/\/wp.me\/Pf1Mle-mm","jetpack_sharing_enabled":true,"_links":{"self":[{"href":"https:\/\/gol.lu\/index.php\/wp-json\/wp\/v2\/pages\/1386","targetHints":{"allow":["GET"]}}],"collection":[{"href":"https:\/\/gol.lu\/index.php\/wp-json\/wp\/v2\/pages"}],"about":[{"href":"https:\/\/gol.lu\/index.php\/wp-json\/wp\/v2\/types\/page"}],"author":[{"embeddable":true,"href":"https:\/\/gol.lu\/index.php\/wp-json\/wp\/v2\/users\/5"}],"replies":[{"embeddable":true,"href":"https:\/\/gol.lu\/index.php\/wp-json\/wp\/v2\/comments?post=1386"}],"version-history":[{"count":4,"href":"https:\/\/gol.lu\/index.php\/wp-json\/wp\/v2\/pages\/1386\/revisions"}],"predecessor-version":[{"id":1402,"href":"https:\/\/gol.lu\/index.php\/wp-json\/wp\/v2\/pages\/1386\/revisions\/1402"}],"wp:featuredmedia":[{"embeddable":true,"href":"https:\/\/gol.lu\/index.php\/wp-json\/wp\/v2\/media\/76"}],"wp:attachment":[{"href":"https:\/\/gol.lu\/index.php\/wp-json\/wp\/v2\/media?parent=1386"}],"curies":[{"name":"wp","href":"https:\/\/api.w.org\/{rel}","templated":true}]}}