{"id":1414,"date":"2024-04-23T11:54:39","date_gmt":"2024-04-23T09:54:39","guid":{"rendered":"https:\/\/gol.lu\/?page_id=1414"},"modified":"2025-11-08T16:34:34","modified_gmt":"2025-11-08T15:34:34","slug":"declaration-de-strasbourg-22-avril-2024","status":"publish","type":"page","link":"https:\/\/gol.lu\/index.php\/declaration-de-strasbourg-22-avril-2024\/","title":{"rendered":"D\u00e9clarations"},"content":{"rendered":"<p><strong>COMMUNIQU\u00c9<\/strong><br \/>\n<strong>Union Ma\u00e7onnique Lib\u00e9rale Internationale<\/strong><br \/>\n<strong>14 octobre 2025<\/strong><\/p>\n<p>Le Grand Orient de Luxembourg a le plaisir d&rsquo;annoncer l&rsquo;\u00e9lection de sa nouvelle Grand Ma\u00eetre Viviane Weimerskirch lors du Convent annuel qui s&rsquo;est tenu les 11 et 12 octobre 2025.<\/p>\n<p>Cette \u00e9lection marque une nouvelle \u00e9tape dans la vie de l&rsquo;Ob\u00e9dience, r\u00e9affirmant son engagement envers les valeurs de libert\u00e9, d&rsquo;\u00e9galit\u00e9 et de fraternit\u00e9.<\/p>\n<p>Dans le cadre de son action citoyenne, le Grand Orient de Luxembourg\u00a0a \u00e9galement d\u00e9cid\u00e9 d&rsquo;octroyer les dons r\u00e9colt\u00e9s \u00e0 l&rsquo;occasion de son Convent\u00a0\u00e0 M\u00e9decins du Monde Luxembourg. Cette contribution soutiendra les actions de l&rsquo;organisation en faveur de l&rsquo;acc\u00e8s aux soins de sant\u00e9 pour les populations les plus pr\u00e9caires et vuln\u00e9rables.<\/p>\n<p><strong>COMMUNIQU\u00c9<\/strong><br \/>\n<strong>Union Ma\u00e7onnique Lib\u00e9rale Internationale<\/strong><br \/>\n<strong>22 avril 2025<\/strong><br \/>\nIl est des moments dans l\u2019histoire o\u00f9 le destin du monde peut basculer et nous sommes probablement \u00e0 un de ces moments.<br \/>\nIl ne s\u2019agit pas seulement de d\u00e9plorer les mauvaises mani\u00e8res, les propos outranciers, les mensonges \u00e9hont\u00e9s de quelques dirigeants.<br \/>\nIl ne s\u2019agit pas seulement de d\u00e9noncer des n\u00e9gociations \u00e0 la hussarde, des marchandages ind\u00e9cents et des m\u00e9thodes brutales.<br \/>\nIl s\u2019agit de bien plus grave : aujourd\u2019hui ce qui est remis en cause, c\u2019est le socle qui fonde nos d\u00e9mocraties et l\u2019\u00c9tat de droit.<br \/>\nAujourd\u2019hui, c\u2019est la loi du plus fort qui tente de s\u2019imposer comme mode de fonctionnement : dans les relations internationales, avec le retour d\u2019imp\u00e9rialismes brutaux et agressifs ; dans les relations sociales avec la mainmise des ultrariches sur l\u2019\u00e9conomie. Et cette vague destructrice emporte avec elle nombre de libert\u00e9s, comme la libert\u00e9 d\u2019expression, la libert\u00e9 de la presse, la libert\u00e9 acad\u00e9mique, et les garanties d\u00e9mocratiques comme l\u2019ind\u00e9pendance de la justice \u2026<br \/>\nAujourd\u2019hui, la mise en cause de la science et de la raison, l\u2019offensive des int\u00e9grismes religieux, le retour des dogmes qui veulent diriger nos \u00e2mes et nos vies, gangr\u00e8nent les esprits, et sont autant de manifestations d\u2019id\u00e9ologies r\u00e9actionnaires qui h\u00e9las prennent le pouvoir peu \u00e0 peu, et plus r\u00e9cemment aux Etats-Unis. Les peuples m\u00e9ritent mieux : les hommes, les femmes, les enfants, o\u00f9 qu\u2019ils naissent et qu\u2019ils vivent, m\u00e9ritent de vivre dans la concorde, m\u00e9ritent d\u2019\u00eatre trait\u00e9s avec respect, et dignit\u00e9, m\u00e9ritent de b\u00e9n\u00e9ficier de leur libert\u00e9 de conscience, de choisir librement leur vie et de disposer librement de leur corps, bref d\u2019\u00eatre libres.<br \/>\nNous Francs- Ma\u00e7ons, Fr\u00e8res et S\u0153urs des ob\u00e9diences lib\u00e9rales et adogmatiques du monde entier, unis autour d\u2019un id\u00e9al de libert\u00e9, d\u2019\u00e9galit\u00e9, de fraternit\u00e9, ne pouvons pas rester silencieux.<br \/>\nEn 1736, le Chevalier de Ramsay d\u00e9clarait que \u00ab les hommes ne sont pas distingu\u00e9s essentiellement par la diff\u00e9rence des langues qu&rsquo;ils parlent, des habits qu&rsquo;ils portent, ni des coins de cette fourmili\u00e8re qu&rsquo;ils occupent. Le monde entier n&rsquo;est qu&rsquo;une grande r\u00e9publique, dont chaque nation est une famille, et chaque particulier un enfant \u00bb. Pr\u00e8s de trois si\u00e8cles plus tard, nous continuons \u00e0 promouvoir cet id\u00e9al de fraternit\u00e9, et appelons tous les hommes et les femmes de bonne volont\u00e9 \u00e0 s\u2019unir pour promouvoir une soci\u00e9t\u00e9 de justice et de concorde universelle.<\/p>\n<p>Signataires :<br \/>\nGrand Orient d&rsquo;Autriche<br \/>\nGrand Orient de France<br \/>\nGrand Orient de Hongrie<br \/>\nGrand Orient de Pologne<br \/>\nGrand Orient de Roumanie<br \/>\nGrand Orient de Suisse<br \/>\n<strong>Grand Orient de Luxembourg<\/strong><br \/>\nGrand Orient Latino-Am\u00e9ricain<br \/>\nGrande Loge F\u00e9minine de Bulgarie<br \/>\nGrande Loge F\u00e9minine de Gr\u00e8ce<br \/>\nGrande Loge F\u00e9minine de Memphis Misra\u00efm<br \/>\nGrande Loge Mixte de France<br \/>\nGrande Loge Mixte de Memphis-Misra\u00efm<br \/>\nGrande Loge Mixte Universelle<br \/>\nGrande Loge R\u00e9guli\u00e8re Fran\u00e7aise<br \/>\nGrande Loge Symbolique de Lusitanie<br \/>\nGrande Loge Symbolique du Portugal<br \/>\nGrande Loge Symbolique Espagnole<br \/>\nOrdre Ma\u00e7onnique International Delphi<\/p>\n<p>&nbsp;<\/p>\n<p><strong>DECLARATION DE STRASBOURG\u00a0 du 22 avril 2024<br \/>\nAGIR POUR L\u2019EUROPE DES LIBERT\u00c9S<br \/>\nDECLARATION DES OB\u00c9DIENCES MA\u00c7ONNIQUES EUROP\u00c9ENNES<\/strong><\/p>\n<p>Face \u00e0 la mont\u00e9e des partis populistes et extr\u00e9mistes, et notamment de l\u2019extr\u00eame droite, et de leurs projets illib\u00e9raux, dans de nombreux pays europ\u00e9ens, nous, Ob\u00e9diences ma\u00e7onniques lib\u00e9rales et adogmatiques, voulons exprimer solennellement notre inqui\u00e9tude et r\u00e9affirmer haut et fort notre attachement \u00e0 une Europe d\u00e9mocratique et sociale fond\u00e9e sur la Libert\u00e9, l\u2019\u00c9galit\u00e9 et la Fraternit\u00e9.<br \/>\nLors de conf\u00e9rences publiques ouvertes \u00e0 tous, \u00e0 Cracovie, \u00e0 Madrid, \u00e0 Paris, \u00e0 Timisoara, etc., nombre de citoyens se sont rassembl\u00e9s, \u00e0 l\u2019invitation des Francs-ma\u00e7ons et Francs-ma\u00e7onnes, et ont fait le m\u00eame constat que l\u2019id\u00e9al europ\u00e9en est en danger ainsi que ses fondements universalistes : Menaces contre la libert\u00e9 de conscience, la libert\u00e9 des humains \u00e0 disposer de leur corps, l\u2019\u00c9tat de droit, l\u2019\u00e9cole publique \u00e9mancipatrice, l\u2019ind\u00e9pendance de la presse&#8230; Ces m\u00eames citoyens s\u2019inqui\u00e8tent \u00e9galement de la mont\u00e9e de la x\u00e9nophobie, du racisme et de l\u2019antis\u00e9mitisme de plus en plus ouvertement assum\u00e9s.<br \/>\nR\u00e9unis \u00e0 Strasbourg &#8211; coeur battant de la d\u00e9mocratie europ\u00e9enne &#8211; nous alertons sur les menaces et les dangers que font peser sur une Europe d\u00e9mocratique, progressiste et sociale, des courants politiques qui ne cachent pas leur volont\u00e9 de remettre en question un \u00e9difice b\u00e2ti depuis plusieurs d\u00e9cennies au service de la paix, du droit et de l&rsquo;\u00e9mancipation. Ainsi, nous entendons affirmer notre engagement commun, unitaire et sans concession pour la d\u00e9fense d&rsquo;une soci\u00e9t\u00e9 solidaire, humaniste et fraternelle.<\/p>\n<p>Liste des signataires :<br \/>\nLe Grand Orient de France, le Grand Orient de Belgique, la F\u00e9d\u00e9ration Fran\u00e7aise de l&rsquo;Ordre Ma\u00e7onnique Mixte International le Droit Humain, l\u2019Ordre Ma\u00e7onnique International Delphi (Gr\u00e8ce), le Grande Loge F\u00e9minine de France, le <strong>Grand Orient de Luxembourg<\/strong>, la Grande Loge F\u00e9minine de Memphis Misra\u00efm, la Grande Loge Mixte Universelle, la Grande Loge Mixte de France, la Grande Loge R\u00e9guli\u00e8re Fran\u00e7aise, le Grand Orient de Hongrie, le Grand Orient de Pologne, la Grande Loge Mixte Memphis Misra\u00efm (France), la Grande Loge F\u00e9minine d&rsquo;Espagne, le Grand Orient de Roumanie, la Grande Loge Symbolique d&rsquo;Espagne, la Grande Loge Lib\u00e9rale d&rsquo;Autriche, la Grande Loge symbolique du Portugal, la Grande Loge F\u00e9minine de Gr\u00e8ce, Grande Loge f\u00e9minine de Bulgarie.<\/p>\n<p><strong>DECLARATION OF STRASBOURG 22nd april 2024<br \/>\nSAFEGUARDING A EUROPE OF FREEDOMS<br \/>\nA DECLARATION FROM EUROPEAN MASONIC OBEDIENCES<\/strong><\/p>\n<p>Faced with the rise of populist and extremist parties, particularly the far right and their illiberal plans in many European countries, we, the liberal and adogmatic Masonic Obediences, wish to solemnly express our concern and loudly reaffirm our attachment to a democratic and social Europe founded on Freedom, Equality and Fraternity.<br \/>\nAt public conferences open to all, in Krakow, Madrid, Paris, Timisoara, etc., many citizens have come together, at the invitation of Freemasons, and have made the same observation that European ideal and its universalist foundations are in danger: the freedom of conscience, the freedom of human beings to dispose of their bodies, the rule of law, the secular public schools, the independence of the press. They are also concerned about the rise of xenophobia and the increasingly open acceptance of racism and anti-Semitism.<br \/>\nMeeting in Strasbourg &#8211; the beating heart of European democracy &#8211; we are here to warn of the threats and dangers posed to a democratic, progressive, and social Europe by political currents that make no secret of their desire to call into question an edifice built over several decades in the service of peace, law and emancipation. We therefore intend to affirm our common, united, and uncompromising commitment to the defence of a society based on solidarity, humanism and fraternity.<\/p>\n<p>List of signatories :<br \/>\nThe Grand Orient de France, The Grand Orient de Belgique, The French Federation of \u00ab Droit Humain \u00bb, The International Masonic Order Delphi (Greece), The Grande Loge F\u00e9minine de France, The <strong>Grand Orient of Luxemburg<\/strong>, The Grande Loge F\u00e9minine de Memphis Misra\u00efm (France), The Grande Loge Mixte Universelle (France), The Grand Mixed-gender Lodge of France, The Grande Loge R\u00e9guli\u00e8re Fran\u00e7aise, The Grand Orient of Hungary, The Grand Orient de Poland, The Grande Loge Mixte Memphis Misra\u00efm (France), The Memphis Misraim Federation (France), The Women\u2019s Grand Lodge of Spain, The Grand Orient of Romania, The Symbolic Grand Lodge of Spain, The Liberal Grand Lodge of Austria, The Symbolic Grand Lodge of Portugal, The Grande Loge F\u00e9minine of Greece, The Women\u2019s Grand Lodge of Bulgaria.<\/p>\n","protected":false},"excerpt":{"rendered":"<p>COMMUNIQU\u00c9 Union Ma\u00e7onnique Lib\u00e9rale Internationale 14 octobre 2025 Le Grand Orient de Luxembourg a le plaisir d&rsquo;annoncer l&rsquo;\u00e9lection de sa nouvelle Grand Ma\u00eetre Viviane Weimerskirch lors du Convent annuel qui s&rsquo;est tenu les 11 et 12 octobre 2025. Cette \u00e9lection marque une nouvelle \u00e9tape dans la vie de l&rsquo;Ob\u00e9dience, r\u00e9affirmant son engagement envers les valeurs &hellip; <\/p>\n<p class=\"link-more\"><a href=\"https:\/\/gol.lu\/index.php\/declaration-de-strasbourg-22-avril-2024\/\" class=\"more-link\">Continuer la lecture<span class=\"screen-reader-text\"> de &laquo;&nbsp;D\u00e9clarations&nbsp;&raquo;<\/span><\/a><\/p>\n","protected":false},"author":5,"featured_media":0,"parent":0,"menu_order":0,"comment_status":"closed","ping_status":"closed","template":"","meta":{"footnotes":""},"class_list":["post-1414","page","type-page","status-publish","hentry"],"aioseo_notices":[],"jetpack_shortlink":"https:\/\/wp.me\/Pf1Mle-mO","jetpack_sharing_enabled":true,"_links":{"self":[{"href":"https:\/\/gol.lu\/index.php\/wp-json\/wp\/v2\/pages\/1414","targetHints":{"allow":["GET"]}}],"collection":[{"href":"https:\/\/gol.lu\/index.php\/wp-json\/wp\/v2\/pages"}],"about":[{"href":"https:\/\/gol.lu\/index.php\/wp-json\/wp\/v2\/types\/page"}],"author":[{"embeddable":true,"href":"https:\/\/gol.lu\/index.php\/wp-json\/wp\/v2\/users\/5"}],"replies":[{"embeddable":true,"href":"https:\/\/gol.lu\/index.php\/wp-json\/wp\/v2\/comments?post=1414"}],"version-history":[{"count":10,"href":"https:\/\/gol.lu\/index.php\/wp-json\/wp\/v2\/pages\/1414\/revisions"}],"predecessor-version":[{"id":1584,"href":"https:\/\/gol.lu\/index.php\/wp-json\/wp\/v2\/pages\/1414\/revisions\/1584"}],"wp:attachment":[{"href":"https:\/\/gol.lu\/index.php\/wp-json\/wp\/v2\/media?parent=1414"}],"curies":[{"name":"wp","href":"https:\/\/api.w.org\/{rel}","templated":true}]}}