{"id":157,"date":"2023-05-24T13:13:34","date_gmt":"2023-05-24T13:13:34","guid":{"rendered":"https:\/\/gol.noemi.lu\/?page_id=157"},"modified":"2026-01-13T18:07:58","modified_gmt":"2026-01-13T17:07:58","slug":"contact","status":"publish","type":"page","link":"https:\/\/gol.lu\/index.php\/contact\/","title":{"rendered":"Comment nous contacter"},"content":{"rendered":"<p>Si vous \u00eates <strong>franc-ma\u00e7on(ne)<\/strong> et int\u00e9ress\u00e9(e) \u00e0 participer aux travaux de l\u2019une de nos loges, vous \u00eates invit\u00e9(e) \u00e0 vous adresser directement \u00e0 la loge de votre choix.\u00a0 Sous l&rsquo;onglet \u00ab\u00a0Nos loges\u00a0\u00bb, le site pr\u00e9cise outre les particularit\u00e9s, jour, horaire et lieu habituel de travail, \u00e9galement l&rsquo;adresse de contact de chacune des loges du GOL.<\/p>\r\n<p>Si vous \u00eates <strong>profane<\/strong> et envisagez de devenir franc-ma\u00e7on(ne) vous \u00eates invit\u00e9,\u00a0 apr\u00e8s avoir lu\u00a0 attentivement l&rsquo;onglet \u00ab\u00a0Devenir franc-ma\u00e7on(ne)\u00a0\u00bb, \u00a0\u00e0 vous adresser directement \u00e0 la loge de votre choix en accompagnant votre demande d\u2019une lettre de motivation et d\u2019un curriculum vitae. Sous l&rsquo;onglet \u00ab\u00a0Nos loges\u00a0\u00bb vous trouverez l&rsquo;adresse de contact de chacune des loges du GOL. <br \/>Un membre de la loge contact\u00e9e se mettra en rapport avec vous. Toute demande sera trait\u00e9e avec toutes les pr\u00e9cautions n\u00e9cessaires, garantissant la discr\u00e9tion et la protection de vos donn\u00e9es personnelles.<\/p>\r\n<p><strong>Toute autre question m\u00e9ritant consid\u00e9ration <\/strong>peut nous \u00eatre adress\u00e9e par le formulaire de contact. Les questions anonymes ne recevront pas de r\u00e9ponse.<\/p>\r\n\r\n<div class=\"wp-block-contact-form-7-contact-form-selector\">\u00a0<\/div>\r\n<div>\u00a0<\/div>\r\n<div>\u00a0<\/div>\r\n<div>\n<div class=\"wpcf7 no-js\" id=\"wpcf7-f1321-o1\" lang=\"fr-FR\" dir=\"ltr\" data-wpcf7-id=\"1321\">\n<div class=\"screen-reader-response\"><p role=\"status\" aria-live=\"polite\" aria-atomic=\"true\"><\/p> <ul><\/ul><\/div>\n<form action=\"\/index.php\/wp-json\/wp\/v2\/pages\/157#wpcf7-f1321-o1\" method=\"post\" class=\"wpcf7-form init\" aria-label=\"Formulaire de contact\" novalidate=\"novalidate\" data-status=\"init\">\n<fieldset class=\"hidden-fields-container\"><input type=\"hidden\" name=\"_wpcf7\" value=\"1321\" \/><input type=\"hidden\" name=\"_wpcf7_version\" value=\"6.1.5\" \/><input type=\"hidden\" name=\"_wpcf7_locale\" value=\"fr_FR\" \/><input type=\"hidden\" name=\"_wpcf7_unit_tag\" value=\"wpcf7-f1321-o1\" \/><input type=\"hidden\" name=\"_wpcf7_container_post\" value=\"0\" \/><input type=\"hidden\" name=\"_wpcf7_posted_data_hash\" value=\"\" \/>\n<\/fieldset>\n<p><label> Votre nom<br \/>\n<span class=\"wpcf7-form-control-wrap\" data-name=\"your-name\"><input size=\"40\" maxlength=\"400\" class=\"wpcf7-form-control wpcf7-text wpcf7-validates-as-required\" autocomplete=\"name\" aria-required=\"true\" aria-invalid=\"false\" value=\"\" type=\"text\" name=\"your-name\" \/><\/span> <\/label>\n<\/p>\n<p><label> Votre e-mail<br \/>\n<span class=\"wpcf7-form-control-wrap\" data-name=\"your-email\"><input size=\"40\" maxlength=\"400\" class=\"wpcf7-form-control wpcf7-email wpcf7-validates-as-required wpcf7-text wpcf7-validates-as-email\" autocomplete=\"email\" aria-required=\"true\" aria-invalid=\"false\" value=\"\" type=\"email\" name=\"your-email\" \/><\/span> <\/label>\n<\/p>\n<p><label> Objet<br \/>\n<span class=\"wpcf7-form-control-wrap\" data-name=\"your-subject\"><input size=\"40\" maxlength=\"400\" class=\"wpcf7-form-control wpcf7-text wpcf7-validates-as-required\" aria-required=\"true\" aria-invalid=\"false\" value=\"\" type=\"text\" name=\"your-subject\" \/><\/span> <\/label>\n<\/p>\n<p><label> Votre message<br \/>\n<span class=\"wpcf7-form-control-wrap\" data-name=\"your-message\"><textarea cols=\"40\" rows=\"10\" maxlength=\"2000\" class=\"wpcf7-form-control wpcf7-textarea\" aria-invalid=\"false\" name=\"your-message\"><\/textarea><\/span> <\/label>\n<\/p>\n<p><input class=\"wpcf7-form-control wpcf7-submit has-spinner\" type=\"submit\" value=\"Envoyer\" \/>\n<\/p>\n<p>Ce formulaire utilise Akismet pour r\u00e9duire le courrier ind\u00e9sirable. <a target=\"_blank\" rel=\"nofollow noopener\" href=\"https:\/\/akismet.com\/privacy\/\">D\u00e9couvrez comment vos donn\u00e9es sont trait\u00e9es.<\/a>\n<\/p><p style=\"display: none !important;\" class=\"akismet-fields-container\" data-prefix=\"_wpcf7_ak_\"><label>&#916;<textarea name=\"_wpcf7_ak_hp_textarea\" cols=\"45\" rows=\"8\" maxlength=\"100\"><\/textarea><\/label><input type=\"hidden\" id=\"ak_js_1\" name=\"_wpcf7_ak_js\" value=\"137\"\/><script>document.getElementById( \"ak_js_1\" ).setAttribute( \"value\", ( new Date() ).getTime() );<\/script><\/p><div class=\"wpcf7-response-output\" aria-hidden=\"true\"><\/div>\n<\/form>\n<\/div>\n<\/div>\r\n","protected":false},"excerpt":{"rendered":"<p>Si vous \u00eates franc-ma\u00e7on(ne) et int\u00e9ress\u00e9(e) \u00e0 participer aux travaux de l\u2019une de nos loges, vous \u00eates invit\u00e9(e) \u00e0 vous adresser directement \u00e0 la loge de votre choix.\u00a0 Sous l&rsquo;onglet \u00ab\u00a0Nos loges\u00a0\u00bb, le site pr\u00e9cise outre les particularit\u00e9s, jour, horaire et lieu habituel de travail, \u00e9galement l&rsquo;adresse de contact de chacune des loges du GOL. &hellip; <\/p>\n<p class=\"link-more\"><a href=\"https:\/\/gol.lu\/index.php\/contact\/\" class=\"more-link\">Continuer la lecture<span class=\"screen-reader-text\"> de &laquo;&nbsp;Comment nous contacter&nbsp;&raquo;<\/span><\/a><\/p>\n","protected":false},"author":5,"featured_media":404,"parent":0,"menu_order":0,"comment_status":"closed","ping_status":"closed","template":"","meta":{"footnotes":""},"class_list":["post-157","page","type-page","status-publish","has-post-thumbnail","hentry"],"aioseo_notices":[],"jetpack_shortlink":"https:\/\/wp.me\/Pf1Mle-2x","jetpack_sharing_enabled":true,"_links":{"self":[{"href":"https:\/\/gol.lu\/index.php\/wp-json\/wp\/v2\/pages\/157","targetHints":{"allow":["GET"]}}],"collection":[{"href":"https:\/\/gol.lu\/index.php\/wp-json\/wp\/v2\/pages"}],"about":[{"href":"https:\/\/gol.lu\/index.php\/wp-json\/wp\/v2\/types\/page"}],"author":[{"embeddable":true,"href":"https:\/\/gol.lu\/index.php\/wp-json\/wp\/v2\/users\/5"}],"replies":[{"embeddable":true,"href":"https:\/\/gol.lu\/index.php\/wp-json\/wp\/v2\/comments?post=157"}],"version-history":[{"count":20,"href":"https:\/\/gol.lu\/index.php\/wp-json\/wp\/v2\/pages\/157\/revisions"}],"predecessor-version":[{"id":1403,"href":"https:\/\/gol.lu\/index.php\/wp-json\/wp\/v2\/pages\/157\/revisions\/1403"}],"wp:featuredmedia":[{"embeddable":true,"href":"https:\/\/gol.lu\/index.php\/wp-json\/wp\/v2\/media\/404"}],"wp:attachment":[{"href":"https:\/\/gol.lu\/index.php\/wp-json\/wp\/v2\/media?parent=157"}],"curies":[{"name":"wp","href":"https:\/\/api.w.org\/{rel}","templated":true}]}}