{"id":1611,"date":"2025-11-30T14:44:53","date_gmt":"2025-11-30T13:44:53","guid":{"rendered":"https:\/\/gol.lu\/?page_id=1611"},"modified":"2026-03-02T15:10:02","modified_gmt":"2026-03-02T14:10:02","slug":"evenements","status":"publish","type":"page","link":"https:\/\/gol.lu\/index.php\/evenements\/","title":{"rendered":"\u00c9v\u00e9nements publics"},"content":{"rendered":"<p class=\"font-claude-response-body break-words whitespace-normal leading-[1.7]\">Le 14 mars 2026 \u00e0 10h00 se tiendra une Tenue Blanche Ouverte, en compl\u00e9ment du colloque organis\u00e9 le 13 mars 2026 dans le cadre des Rencontres europ\u00e9ennes de Luxembourg, dont le th\u00e8me des cette \u00e9dition est <strong>\u00ab <\/strong>L&rsquo;Union Europ\u00e9enne face aux nouveaux d\u00e9fis g\u00e9opolitiques \u00bb. Le conf\u00e9rencier de la Tenue Blanche Ouverte sera un intervenant du colloque.<\/p>\n<p class=\"font-claude-response-body break-words whitespace-normal leading-[1.7]\">Cet \u00e9v\u00e9nement est ouvert aux personnes non membres de la Franc-Ma\u00e7onnerie et permettra d&rsquo;avoir un aper\u00e7u de la Franc-Ma\u00e7onnerie et sa m\u00e9thode de travail. Pour des raisons d&rsquo;organisation,\u00a0 l&rsquo;inscription des non membres est obligatoire \u00e0 l&rsquo;adresse <strong><a class=\"underline underline underline-offset-2 decoration-1 decoration-current\/40 hover:decoration-current focus:decoration-current\" href=\"mailto:info.gol@proton.me\">info.gol@proton.me<\/a><\/strong>, en pr\u00e9cisant nom et pr\u00e9nom. En fonction des places disponibles, une confirmation accompagn\u00e9e des informations pratiques n\u00e9cessaires vous sera adress\u00e9e en retour de mail.<\/p>\n","protected":false},"excerpt":{"rendered":"<p>Le 14 mars 2026 \u00e0 10h00 se tiendra une Tenue Blanche Ouverte, en compl\u00e9ment du colloque organis\u00e9 le 13 mars 2026 dans le cadre des Rencontres europ\u00e9ennes de Luxembourg, dont le th\u00e8me des cette \u00e9dition est \u00ab L&rsquo;Union Europ\u00e9enne face aux nouveaux d\u00e9fis g\u00e9opolitiques \u00bb. Le conf\u00e9rencier de la Tenue Blanche Ouverte sera un intervenant &hellip; <\/p>\n<p class=\"link-more\"><a href=\"https:\/\/gol.lu\/index.php\/evenements\/\" class=\"more-link\">Continuer la lecture<span class=\"screen-reader-text\"> de &laquo;&nbsp;\u00c9v\u00e9nements publics&nbsp;&raquo;<\/span><\/a><\/p>\n","protected":false},"author":6,"featured_media":0,"parent":0,"menu_order":0,"comment_status":"closed","ping_status":"closed","template":"","meta":{"footnotes":""},"class_list":["post-1611","page","type-page","status-publish","hentry"],"aioseo_notices":[],"jetpack_shortlink":"https:\/\/wp.me\/Pf1Mle-pZ","jetpack_sharing_enabled":true,"_links":{"self":[{"href":"https:\/\/gol.lu\/index.php\/wp-json\/wp\/v2\/pages\/1611","targetHints":{"allow":["GET"]}}],"collection":[{"href":"https:\/\/gol.lu\/index.php\/wp-json\/wp\/v2\/pages"}],"about":[{"href":"https:\/\/gol.lu\/index.php\/wp-json\/wp\/v2\/types\/page"}],"author":[{"embeddable":true,"href":"https:\/\/gol.lu\/index.php\/wp-json\/wp\/v2\/users\/6"}],"replies":[{"embeddable":true,"href":"https:\/\/gol.lu\/index.php\/wp-json\/wp\/v2\/comments?post=1611"}],"version-history":[{"count":6,"href":"https:\/\/gol.lu\/index.php\/wp-json\/wp\/v2\/pages\/1611\/revisions"}],"predecessor-version":[{"id":1674,"href":"https:\/\/gol.lu\/index.php\/wp-json\/wp\/v2\/pages\/1611\/revisions\/1674"}],"wp:attachment":[{"href":"https:\/\/gol.lu\/index.php\/wp-json\/wp\/v2\/media?parent=1611"}],"curies":[{"name":"wp","href":"https:\/\/api.w.org\/{rel}","templated":true}]}}