{"id":179,"date":"2023-05-25T00:51:52","date_gmt":"2023-05-25T00:51:52","guid":{"rendered":"https:\/\/gol.noemi.lu\/?page_id=179"},"modified":"2024-01-04T19:50:12","modified_gmt":"2024-01-04T18:50:12","slug":"liberte","status":"publish","type":"page","link":"https:\/\/gol.lu\/index.php\/liberte\/","title":{"rendered":"Libert\u00e9"},"content":{"rendered":"\r\n<figure class=\"wp-block-table is-style-regular has-small-font-size\">\r\n<table>\r\n<tbody>\r\n<tr>\r\n<td class=\"has-text-align-right\" data-align=\"right\">Date de cr\u00e9ation\u00a0<\/td>\r\n<td>1982<\/td>\r\n<\/tr>\r\n<tr>\r\n<td class=\"has-text-align-right\" data-align=\"right\">N\u00b0 2<\/td>\r\n<td>Atelier mixte<\/td>\r\n<\/tr>\r\n<tr>\r\n<td class=\"has-text-align-right\" data-align=\"right\">Tenues<\/td>\r\n<td>les 2<sup>e<\/sup>\u00a0et 4<sup>e<\/sup>\u00a0lundis du mois \u00e0 19:30h<\/td>\r\n<\/tr>\r\n<tr>\r\n<td class=\"has-text-align-right\" data-align=\"right\">Lieu<\/td>\r\n<td>Luxembourg<\/td>\r\n<\/tr>\r\n<tr>\r\n<td class=\"has-text-align-right\" data-align=\"right\">Langue v\u00e9hiculaire\u00a0<\/td>\r\n<td>Fran\u00e7ais<\/td>\r\n<\/tr>\r\n<tr>\r\n<td class=\"has-text-align-right\" data-align=\"right\">Contact<\/td>\r\n<td>secretaire.liberte@gol.lu<\/td>\r\n<\/tr>\r\n<\/tbody>\r\n<\/table>\r\n<\/figure>\r\n\r\n\r\n\r\n<p>Pour nous, \u00e0 Libert\u00e9, la franc-ma\u00e7onnerie est une cha\u00eene d&rsquo;union entre des hommes et des femmes qui ont le d\u00e9sir de participer aux transformations de notre soci\u00e9t\u00e9, par leur analyse, leurs \u00e9changes, leur action, leur id\u00e9al de justice. L&rsquo;originalit\u00e9 du Grand Orient de Luxembourg est d&rsquo;avoir donn\u00e9 toute leur place aux femmes. L&rsquo;Atelier \u00ab\u00a0Libert\u00e9\u00a0\u00bb y a \u00e9t\u00e9 le premier \u00e0 choisir la mixit\u00e9 d\u00e8s sa cr\u00e9ation. Ce nom \u00a0\u00bb Libert\u00e9 \u00a0\u00bb est un rappel constant des devoirs et des revendications qu&rsquo;il implique : la libert\u00e9 d&rsquo;\u00eatre, de penser, de s&rsquo;exprimer, avec l&rsquo;espoir d&rsquo;\u00eatre entendu, non seulement dans ces murs prot\u00e9g\u00e9s, mais aussi \u00e0 l&rsquo;ext\u00e9rieur.<\/p>\r\n\r\n\r\n\r\n<p>Notre priorit\u00e9 n&rsquo;est pas la douceur d&rsquo;une fraternit\u00e9 en vase clos, baignant dans un symbolisme un tantinet d\u00e9suet mais l&rsquo;utilit\u00e9 d&rsquo;une r\u00e9flexion commune sur les probl\u00e8mes de soci\u00e9t\u00e9, la pratique sans concession du dialogue qui seul permet l&rsquo;entente entre les individus et les peuples. Nous, Francs-Ma\u00e7ons, quelle que soit notre appartenance, ne pouvons plus nous contenter d&rsquo;un humanisme mis en lambeaux par la longue marche des hommes dans ce vingti\u00e8me si\u00e8cle meurtrier. Nous voulons \u00eatre des individus qui interrogent et contribuent \u00e0 donner quelques r\u00e9ponses aux questions que g\u00e9n\u00e8re la soci\u00e9t\u00e9 moderne. C&rsquo;est une d\u00e9marche lente, dans laquelle s&rsquo;entrechoquent les cultures, les id\u00e9ologies, les identit\u00e9s. Notre m\u00e9thode privil\u00e9gie la raison et canalise les \u00e9motions vers le d\u00e9veloppement des arts et l&rsquo;amiti\u00e9 fraternelle. Par notre exemple, par notre enthousiasme, nous combattons les discriminations raciales, sociales et sexuelles. Ancr\u00e9s dans le large monde dont nous nous voulons les citoyens, devant nous-m\u00eames et devant les autres, nous restons des Apprentis en gardant toujours \u00e0 notre table une place pour l\u2019\u00c9tranger.\u00a0<\/p>\r\n\r\n\r\n\r\n<p><em>Trois mots me viennent ce lundi soir en sortant de notre tenue: Ouverture, enthousiasme, chaleur humaine. Ce que j\u2019avais pressenti lors de mon initiation se confirme et s&rsquo;approfondit. L&rsquo;initiation n&rsquo;\u00e9tait que le premier pas du chemin: chemin vers l&rsquo;inconnu de soi. Le silence de l&rsquo;apprenti, qui ne m&rsquo;est pas impos\u00e9 dans notre Atelier mais que j\u2019ai personnellement choisi de respecter, m&rsquo;aide \u00e0 affiner mon \u00e9coute de l&rsquo;autre, \u00e0 examiner mes r\u00e9actions et tenter de m&rsquo;en lib\u00e9rer, \u00e0 devenir plus libre. Les sujets tr\u00e8s vari\u00e9s des planches me donnent l&rsquo;occasion d&rsquo;approcher des th\u00e8mes dont je n&rsquo;avais qu&rsquo;une vague id\u00e9e. Je pr\u00eate une attention diff\u00e9rente \u00e0 certains probl\u00e8mes de soci\u00e9t\u00e9. \u00c9largissement de conscience. Je terminerai en \u00e9voquant la joie \u00e9prouv\u00e9e \u00e0 retrouver mes s\u0153urs et mes fr\u00e8res. \u00catre accueillie avec le sourire, \u00eatre \u00e9cout\u00e9e, m&rsquo;exprimer en toute confiance m&rsquo;est pr\u00e9cieux. Les qualit\u00e9s d\u00e9velopp\u00e9es en atelier rejaillissent sur mon comportement dans le monde profane: plus de tol\u00e9rance, de patience, d&rsquo;attention \u00e0 l&rsquo;autre. En r\u00e9sum\u00e9, ce que m&rsquo;apporte la franc-ma\u00e7onnerie : Libert\u00e9 et Humanit\u00e9.<\/em><\/p>\r\n\r\n\r\n\r\n<p>Une S\u0153ur de l&rsquo;Atelier \u00ab Libert\u00e9 \u00bb<\/p>\r\n<p><span style=\"font-size: 10pt;\"><a href=\"https:\/\/gol.lu\/index.php\/tolerance\/\" target=\"_blank\" rel=\"noopener\">suivant<\/a><\/span><img decoding=\"async\" class=\"wp-image-369 lazyload\" src=\"data:image\/gif;base64,R0lGODlhAQABAIAAAAAAAP\/\/\/yH5BAEAAAAALAAAAAABAAEAAAIBRAA7\" data-src=\"https:\/\/gol.noemi.lu\/wp-content\/uploads\/2023\/06\/Photo-sculpture-Liberte-749x1024.jpg\" alt=\"\" \/><noscript><img data-recalc-dims=\"1\" decoding=\"async\" width=\"525\" height=\"718\" class=\"wp-image-369 lazyload\" src=\"https:\/\/i0.wp.com\/gol.noemi.lu\/wp-content\/uploads\/2023\/06\/Photo-sculpture-Liberte-749x1024.jpg?resize=525%2C718&#038;ssl=1\" alt=\"\" srcset=\"https:\/\/i0.wp.com\/gol.lu\/wp-content\/uploads\/2023\/06\/Photo-sculpture-Liberte.jpg?resize=749%2C1024&amp;ssl=1 749w, https:\/\/i0.wp.com\/gol.lu\/wp-content\/uploads\/2023\/06\/Photo-sculpture-Liberte.jpg?resize=219%2C300&amp;ssl=1 219w, https:\/\/i0.wp.com\/gol.lu\/wp-content\/uploads\/2023\/06\/Photo-sculpture-Liberte.jpg?resize=768%2C1050&amp;ssl=1 768w, https:\/\/i0.wp.com\/gol.lu\/wp-content\/uploads\/2023\/06\/Photo-sculpture-Liberte.jpg?resize=1123%2C1536&amp;ssl=1 1123w, https:\/\/i0.wp.com\/gol.lu\/wp-content\/uploads\/2023\/06\/Photo-sculpture-Liberte.jpg?w=1344&amp;ssl=1 1344w, https:\/\/i0.wp.com\/gol.lu\/wp-content\/uploads\/2023\/06\/Photo-sculpture-Liberte.jpg?w=1050&amp;ssl=1 1050w\" sizes=\"(max-width: 706px) 89vw, (max-width: 767px) 82vw, 740px\" \/><\/noscript><\/p>\r\n\r\n\r\n","protected":false},"excerpt":{"rendered":"<p>Date de cr\u00e9ation\u00a0 1982 N\u00b0 2 Atelier mixte Tenues les 2e\u00a0et 4e\u00a0lundis du mois \u00e0 19:30h Lieu Luxembourg Langue v\u00e9hiculaire\u00a0 Fran\u00e7ais Contact secretaire.liberte@gol.lu Pour nous, \u00e0 Libert\u00e9, la franc-ma\u00e7onnerie est une cha\u00eene d&rsquo;union entre des hommes et des femmes qui ont le d\u00e9sir de participer aux transformations de notre soci\u00e9t\u00e9, par leur analyse, leurs \u00e9changes, &hellip; <\/p>\n<p class=\"link-more\"><a href=\"https:\/\/gol.lu\/index.php\/liberte\/\" class=\"more-link\">Continuer la lecture<span class=\"screen-reader-text\"> de &laquo;&nbsp;Libert\u00e9&nbsp;&raquo;<\/span><\/a><\/p>\n","protected":false},"author":5,"featured_media":0,"parent":0,"menu_order":0,"comment_status":"closed","ping_status":"closed","template":"","meta":{"footnotes":""},"class_list":["post-179","page","type-page","status-publish","hentry"],"aioseo_notices":[],"jetpack_shortlink":"https:\/\/wp.me\/Pf1Mle-2T","jetpack_sharing_enabled":true,"_links":{"self":[{"href":"https:\/\/gol.lu\/index.php\/wp-json\/wp\/v2\/pages\/179","targetHints":{"allow":["GET"]}}],"collection":[{"href":"https:\/\/gol.lu\/index.php\/wp-json\/wp\/v2\/pages"}],"about":[{"href":"https:\/\/gol.lu\/index.php\/wp-json\/wp\/v2\/types\/page"}],"author":[{"embeddable":true,"href":"https:\/\/gol.lu\/index.php\/wp-json\/wp\/v2\/users\/5"}],"replies":[{"embeddable":true,"href":"https:\/\/gol.lu\/index.php\/wp-json\/wp\/v2\/comments?post=179"}],"version-history":[{"count":17,"href":"https:\/\/gol.lu\/index.php\/wp-json\/wp\/v2\/pages\/179\/revisions"}],"predecessor-version":[{"id":1245,"href":"https:\/\/gol.lu\/index.php\/wp-json\/wp\/v2\/pages\/179\/revisions\/1245"}],"wp:attachment":[{"href":"https:\/\/gol.lu\/index.php\/wp-json\/wp\/v2\/media?parent=179"}],"curies":[{"name":"wp","href":"https:\/\/api.w.org\/{rel}","templated":true}]}}