{"id":189,"date":"2023-05-25T12:01:21","date_gmt":"2023-05-25T12:01:21","guid":{"rendered":"https:\/\/gol.noemi.lu\/?page_id=189"},"modified":"2024-01-04T19:54:30","modified_gmt":"2024-01-04T18:54:30","slug":"tolerance","status":"publish","type":"page","link":"https:\/\/gol.lu\/index.php\/tolerance\/","title":{"rendered":"Tol\u00e9rance"},"content":{"rendered":"\r\n<figure class=\"wp-block-table has-small-font-size\">\r\n<table class=\"has-fixed-layout\">\r\n<tbody>\r\n<tr>\r\n<td class=\"has-text-align-right\" data-align=\"right\">Date de cr\u00e9ation<\/td>\r\n<td>1982<\/td>\r\n<\/tr>\r\n<tr>\r\n<td class=\"has-text-align-right\" data-align=\"right\">N\u00b0 3<\/td>\r\n<td>Atelier mixte\u00a0<\/td>\r\n<\/tr>\r\n<tr>\r\n<td class=\"has-text-align-right\" data-align=\"right\">Tenues<\/td>\r\n<td>Premier et troisi\u00e8me lundis 19h30\u00a0<\/td>\r\n<\/tr>\r\n<tr>\r\n<td class=\"has-text-align-right\" data-align=\"right\">Lieu<\/td>\r\n<td>Luxembourg<\/td>\r\n<\/tr>\r\n<tr>\r\n<td class=\"has-text-align-right\" data-align=\"right\">Langue v\u00e9hiculaire\u00a0<\/td>\r\n<td>Francophone<\/td>\r\n<\/tr>\r\n<tr>\r\n<td class=\"has-text-align-right\" data-align=\"right\">Contact<\/td>\r\n<td>secretaire.tolerance@gol.lu<\/td>\r\n<\/tr>\r\n<\/tbody>\r\n<\/table>\r\n<\/figure>\r\n\r\n\r\n\r\n<p>La Loge Tol\u00e9rance s\u2019est reconstitu\u00e9e lors du rallumage des feux du \u00ab Grand Orient de Luxembourg \u00bb en 1982.<\/p>\r\n<p>Son ambition a \u00e9t\u00e9 de constituer un atelier qui adopte une d\u00e9marche d\u00e9lib\u00e9r\u00e9ment tourn\u00e9e vers le travail et la r\u00e9flexion sur les questions \u00e9thiques, morales, \u00e9conomiques, politiques et sociales. La Loge Tol\u00e9rance s\u2019est voulue ouverte et \u00e0 l\u2019\u00e9coute du monde et des hommes et femmes qui l\u2019habitent.<\/p>\r\n<p>La Franc-Ma\u00e7onnerie traverse les temps et les g\u00e9n\u00e9rations. La Loge Tol\u00e9rance ne se fixe pas de limites dans le temps, l\u2019espace ou sur les th\u00e8mes pour ses travaux.<\/p>\r\n<p>Elle invite \u00e9galement des orateurs non ma\u00e7ons \u00e0 parler devant ses membres. Ces s\u00e9ances appel\u00e9es des \u00ab tenues blanches \u00bb ont ainsi permis d\u2019aborder des questions soci\u00e9tales telles que la \u00ab\u00a0fin de vie\u00a0\u00bb, le \u00ab\u00a0don d\u2019organes\u00a0\u00bb ou \u00ab\u00a0les paradoxes d\u00e9mocratiques contemporains\u00a0\u00bb<\/p>\r\n<p>Le rituel des travaux est pour les membres de cette Loge un cadre et un outil essentiel. Sa nature symbolique m\u00e9rite le respect, l\u2019\u00e9tude et la r\u00e9flexion. Mais ce ne sont pas l\u2019Alpha et l\u2019Omega des travaux. Les Francs-Ma\u00e7ons membres de Tol\u00e9rance recherchent la ou les v\u00e9rit\u00e9s dans ce qui organise, aide ou contraint la vie des hommes.<\/p>\r\n<p>Pour les membres de la Loge Tol\u00e9rance, la tol\u00e9rance est bel et bien une vertu morale. Elle n\u2019est pas la reconnaissance du droit \u00e0 l\u2019erreur de l\u2019autre mais la reconnaissance de sa part de v\u00e9rit\u00e9, de notre part d\u2019erreurs dans nos certitudes. La V\u00e9rit\u00e9 est une qu\u00eate, pas une liste d\u2019affirmations.<\/p>\r\n<p>Quant \u00e0 sa composition, la Loge Tol\u00e9rance<span class=\"Apple-converted-space\">\u00a0 <\/span>recrute ou affilie des hommes et des femmes depuis qu\u2019elle est devenue une loge mixte en juin 2023.<\/p>\r\n<p>Nous ignorons beaucoup plus de choses que nous n\u2019en savons. Il faut donc s\u2019ouvrir aux autres et \u00e0 leurs opinions, sans pour autant tout accepter, ou tout tol\u00e9rer.<\/p>\r\n<p><span style=\"font-size: 10pt;\"><a href=\"https:\/\/gol.lu\/index.php\/tradition-et-progres\/\" target=\"_blank\" rel=\"noopener\">suivant<\/a><\/span><\/p>\r\n","protected":false},"excerpt":{"rendered":"<p>Date de cr\u00e9ation 1982 N\u00b0 3 Atelier mixte\u00a0 Tenues Premier et troisi\u00e8me lundis 19h30\u00a0 Lieu Luxembourg Langue v\u00e9hiculaire\u00a0 Francophone Contact secretaire.tolerance@gol.lu La Loge Tol\u00e9rance s\u2019est reconstitu\u00e9e lors du rallumage des feux du \u00ab Grand Orient de Luxembourg \u00bb en 1982. Son ambition a \u00e9t\u00e9 de constituer un atelier qui adopte une d\u00e9marche d\u00e9lib\u00e9r\u00e9ment tourn\u00e9e vers &hellip; <\/p>\n<p class=\"link-more\"><a href=\"https:\/\/gol.lu\/index.php\/tolerance\/\" class=\"more-link\">Continuer la lecture<span class=\"screen-reader-text\"> de &laquo;&nbsp;Tol\u00e9rance&nbsp;&raquo;<\/span><\/a><\/p>\n","protected":false},"author":5,"featured_media":0,"parent":0,"menu_order":0,"comment_status":"closed","ping_status":"closed","template":"","meta":{"footnotes":""},"class_list":["post-189","page","type-page","status-publish","hentry"],"aioseo_notices":[],"jetpack_shortlink":"https:\/\/wp.me\/Pf1Mle-33","jetpack_sharing_enabled":true,"_links":{"self":[{"href":"https:\/\/gol.lu\/index.php\/wp-json\/wp\/v2\/pages\/189","targetHints":{"allow":["GET"]}}],"collection":[{"href":"https:\/\/gol.lu\/index.php\/wp-json\/wp\/v2\/pages"}],"about":[{"href":"https:\/\/gol.lu\/index.php\/wp-json\/wp\/v2\/types\/page"}],"author":[{"embeddable":true,"href":"https:\/\/gol.lu\/index.php\/wp-json\/wp\/v2\/users\/5"}],"replies":[{"embeddable":true,"href":"https:\/\/gol.lu\/index.php\/wp-json\/wp\/v2\/comments?post=189"}],"version-history":[{"count":15,"href":"https:\/\/gol.lu\/index.php\/wp-json\/wp\/v2\/pages\/189\/revisions"}],"predecessor-version":[{"id":1247,"href":"https:\/\/gol.lu\/index.php\/wp-json\/wp\/v2\/pages\/189\/revisions\/1247"}],"wp:attachment":[{"href":"https:\/\/gol.lu\/index.php\/wp-json\/wp\/v2\/media?parent=189"}],"curies":[{"name":"wp","href":"https:\/\/api.w.org\/{rel}","templated":true}]}}