{"id":202,"date":"2023-05-25T12:27:09","date_gmt":"2023-05-25T12:27:09","guid":{"rendered":"https:\/\/gol.noemi.lu\/?page_id=202"},"modified":"2024-01-04T19:55:25","modified_gmt":"2024-01-04T18:55:25","slug":"tradition-et-progres","status":"publish","type":"page","link":"https:\/\/gol.lu\/index.php\/tradition-et-progres\/","title":{"rendered":"Tradition et Progr\u00e8s\u00a0"},"content":{"rendered":"\r\n<figure class=\"wp-block-table has-small-font-size\">\r\n<table class=\"has-fixed-layout\">\r\n<tbody>\r\n<tr>\r\n<td class=\"has-text-align-right\" data-align=\"right\">Date de cr\u00e9ation\u00a0<\/td>\r\n<td>1987<\/td>\r\n<\/tr>\r\n<tr>\r\n<td class=\"has-text-align-right\" data-align=\"right\">N\u00b0 4<\/td>\r\n<td>Atelier mixte<\/td>\r\n<\/tr>\r\n<tr>\r\n<td class=\"has-text-align-right\" data-align=\"right\">Tenues<\/td>\r\n<td>les 1<sup>er<\/sup>\u00a0et 3<sup>e<\/sup>\u00a0mardis du mois<\/td>\r\n<\/tr>\r\n<tr>\r\n<td class=\"has-text-align-right\" data-align=\"right\">Lieu<\/td>\r\n<td>Luxembourg<\/td>\r\n<\/tr>\r\n<tr>\r\n<td class=\"has-text-align-right\" data-align=\"right\">Langue v\u00e9hiculaire<\/td>\r\n<td>Fran\u00e7ais<\/td>\r\n<\/tr>\r\n<tr>\r\n<td class=\"has-text-align-right\" data-align=\"right\">Contact<\/td>\r\n<td>secretaire.traditionetprogres@gol.lu<\/td>\r\n<\/tr>\r\n<\/tbody>\r\n<\/table>\r\n<\/figure>\r\n\r\n\r\n\r\n<div class=\"protonmail_quote\">\r\n<div dir=\"ltr\">\r\n<div dir=\"ltr\">\r\n<div>Au d\u00e9but de l\u2019ann\u00e9e 1987, la loge masculine Esp\u00e9rance ayant atteint sa taille critique, 7 fr\u00e8res se r\u00e9unirent pour essaimer et ainsi cr\u00e9er une nouvelle loge : Tradition &amp; Progr\u00e8s.\u00a0<\/div>\r\n<div><br \/>Ils travaill\u00e8rent de nombreux mois \u00e0 l\u2019\u00e9laboration du r\u00e8glement de l\u2019atelier, veillant notamment \u00e0 pr\u00e9parer sa mixit\u00e9. Cette mixit\u00e9 avait toujours fait parti du projet initial de la nouvelle loge et constituait alors un v\u00e9ritable Progr\u00e8s.<br \/>Ainsi, la loge initie toute personne, sans distinction de genre, d\u2019origine, de couleur de peau, de croyance, d\u2019origine sociale ou de fortune.\u00a0<\/div>\r\n<div><br \/>Les membres fondateurs de la loge ont souhait\u00e9 mettre l\u2019accent sur la \u201cTradition\u201d et le \u201cProgr\u00e8s\u201d. Contrairement aux apparences, ces deux termes ne sont pas antinomiques. La franc-ma\u00e7onnerie est en effet une soci\u00e9t\u00e9 progressiste dans laquelle la notion de tradition occupe une place centrale.<br \/>La tradition n\u2019est pas une accumulation de savoirs et elle se caract\u00e9rise par son absence de dogmes. Elle rassemble des m\u00e9thodes transmises par des sages depuis des mill\u00e9naires. Elle indique la voie vers la recherche de la connaissance, qui n\u00e9cessite travail sur soi, discipline et ma\u00eetrise.\u00a0<\/div>\r\n<div><br \/>Pour les francs-ma\u00e7ons, ce travail permet une r\u00e9flexion en profondeur sur le monde, \u00e0 distance de ses remous superficiels. Ce recul leur donne l\u2019aptitude \u00e0 pr\u00e9parer leurs r\u00e9ponses individuelles aux d\u00e9fis sans cesse renouvel\u00e9s qui assaillent l\u2019\u00eatre humain. Comme ils veulent participer \u00e0 la construction d\u2019un monde diff\u00e9rent et meilleur, ils prennent en compte l\u2019\u00e9volution des m\u0153urs et la dynamique sociale, afin d\u2019adapter leurs valeurs \u00e0 des situations changeantes. L\u00e0 se situe le continuel progr\u00e8s.\u00a0<\/div>\r\n\u00a0<\/div>\r\n<div dir=\"ltr\"><span style=\"font-size: 10pt;\"><a href=\"https:\/\/gol.lu\/index.php\/licht-und-wahrheit\/\" target=\"_blank\" rel=\"noopener\">suivant<\/a><\/span><\/div>\r\n<\/div>\r\n<\/div>","protected":false},"excerpt":{"rendered":"<p>Date de cr\u00e9ation\u00a0 1987 N\u00b0 4 Atelier mixte Tenues les 1er\u00a0et 3e\u00a0mardis du mois Lieu Luxembourg Langue v\u00e9hiculaire Fran\u00e7ais Contact secretaire.traditionetprogres@gol.lu Au d\u00e9but de l\u2019ann\u00e9e 1987, la loge masculine Esp\u00e9rance ayant atteint sa taille critique, 7 fr\u00e8res se r\u00e9unirent pour essaimer et ainsi cr\u00e9er une nouvelle loge : Tradition &amp; Progr\u00e8s.\u00a0 Ils travaill\u00e8rent de nombreux &hellip; <\/p>\n<p class=\"link-more\"><a href=\"https:\/\/gol.lu\/index.php\/tradition-et-progres\/\" class=\"more-link\">Continuer la lecture<span class=\"screen-reader-text\"> de &laquo;&nbsp;Tradition et Progr\u00e8s\u00a0&nbsp;&raquo;<\/span><\/a><\/p>\n","protected":false},"author":5,"featured_media":0,"parent":0,"menu_order":0,"comment_status":"closed","ping_status":"closed","template":"","meta":{"footnotes":""},"class_list":["post-202","page","type-page","status-publish","hentry"],"aioseo_notices":[],"jetpack_shortlink":"https:\/\/wp.me\/Pf1Mle-3g","jetpack_sharing_enabled":true,"_links":{"self":[{"href":"https:\/\/gol.lu\/index.php\/wp-json\/wp\/v2\/pages\/202","targetHints":{"allow":["GET"]}}],"collection":[{"href":"https:\/\/gol.lu\/index.php\/wp-json\/wp\/v2\/pages"}],"about":[{"href":"https:\/\/gol.lu\/index.php\/wp-json\/wp\/v2\/types\/page"}],"author":[{"embeddable":true,"href":"https:\/\/gol.lu\/index.php\/wp-json\/wp\/v2\/users\/5"}],"replies":[{"embeddable":true,"href":"https:\/\/gol.lu\/index.php\/wp-json\/wp\/v2\/comments?post=202"}],"version-history":[{"count":10,"href":"https:\/\/gol.lu\/index.php\/wp-json\/wp\/v2\/pages\/202\/revisions"}],"predecessor-version":[{"id":1248,"href":"https:\/\/gol.lu\/index.php\/wp-json\/wp\/v2\/pages\/202\/revisions\/1248"}],"wp:attachment":[{"href":"https:\/\/gol.lu\/index.php\/wp-json\/wp\/v2\/media?parent=202"}],"curies":[{"name":"wp","href":"https:\/\/api.w.org\/{rel}","templated":true}]}}