{"id":22,"date":"2023-05-11T12:10:59","date_gmt":"2023-05-11T12:10:59","guid":{"rendered":"https:\/\/gol.noemi.lu\/?page_id=22"},"modified":"2024-04-23T10:45:22","modified_gmt":"2024-04-23T08:45:22","slug":"qui-sommes-nous","status":"publish","type":"page","link":"https:\/\/gol.lu\/index.php\/qui-sommes-nous\/","title":{"rendered":"Qui sommes nous?"},"content":{"rendered":"\r\n<p>Le Grand Orient de Luxembourg est une association anim\u00e9e par la recherche du progr\u00e8s pour l&rsquo;am\u00e9lioration de l&rsquo;Homme et de la Soci\u00e9t\u00e9, dans le respect d&rsquo;une Tradition h\u00e9rit\u00e9e des fondateurs de la Franc-Ma\u00e7onnerie.<\/p>\r\n\r\n\r\n\r\n<p>Le Grand Orient de Luxembourg est une f\u00e9d\u00e9ration de Loges Ma\u00e7onniques qui se sont plac\u00e9es sous son autorit\u00e9. A ce jour, il est compos\u00e9 de 10 Loges r\u00e9parties sur 4 pays. C&rsquo;est une Ob\u00e9dience la\u00efque, adogmatique et pluraliste qui peut accueillir des Loges mixtes, masculines ou f\u00e9minines, constitu\u00e9es de membres r\u00e9guli\u00e8rement initi\u00e9s. Leur nombre est \u00e0 ce jour (2022) d\u2019environ 400.\u00a0 \u00a0 Le Grand Orient de Luxembourg n&rsquo;initie qu&rsquo;aux trois grades symboliques d&rsquo;Apprenti, de Compagnon et de Ma\u00eetre. Les loges travaillent au Rite de leur choix pour autant que reconnu par l\u2019Ob\u00e9dience.<\/p>\r\n\r\n\r\n\r\n<p>Pour les Francs-Ma\u00e7ons, la recherche du progr\u00e8s a toujours \u00e9t\u00e9 un moteur dans leurs r\u00e9flexions et leurs actions. Ce principe fait partie int\u00e9grante de la Tradition de l&rsquo;Ob\u00e9dience. Le Grand Orient de Luxembourg \u0153uvre pour le respect des Droits de l&rsquo;Homme et le d\u00e9veloppement du principe de d\u00e9mocratie.<\/p>\r\n\r\n\r\n\r\n<p>Par la vocation universelle des principes ma\u00e7onniques, les loges du Grand Orient de Luxembourg accueillent bon nombre de nationalit\u00e9s diff\u00e9rentes (surtout \u00e0 Luxembourg)\u00a0: luxembourgeoise, fran\u00e7aise, belge, n\u00e9erlandaise, allemande, italienne, portugaise, etc\u2026<\/p>\r\n\r\n\r\n\r\n<p>Il va de soi que nous entretiendrons toujours de bonnes relations fraternelles avec les Ob\u00e9diences des pays voisins et des pays plus lointains.\u00a0<\/p>\r\n<p><span style=\"font-size: 10pt;\"><a href=\"https:\/\/gol.lu\/index.php\/les-origines-du-grand-orient-de-luxembourg-2\/\">Les origines du Grand Orient\u00a0de Luxembourg<\/a><\/span><\/p>\r\n<p><span style=\"font-size: 10pt;\"><a href=\"https:\/\/gol.lu\/index.php\/extrait-de-la-constitution-du-grand-orient-de-luxembourg-2\/\">Extrait de la Constitution du Grand Orient de Luxembourg<\/a><\/span><\/p>\r\n\r\n\r\n<nav class=\"has-small-font-size items-justified-center wp-block-navigation is-content-justification-center is-layout-flex wp-container-core-navigation-is-layout-16018d1d wp-block-navigation-is-layout-flex\" aria-label=\"sociale-links-menu\"><\/nav>","protected":false},"excerpt":{"rendered":"<p>Le Grand Orient de Luxembourg est une association anim\u00e9e par la recherche du progr\u00e8s pour l&rsquo;am\u00e9lioration de l&rsquo;Homme et de la Soci\u00e9t\u00e9, dans le respect d&rsquo;une Tradition h\u00e9rit\u00e9e des fondateurs de la Franc-Ma\u00e7onnerie. Le Grand Orient de Luxembourg est une f\u00e9d\u00e9ration de Loges Ma\u00e7onniques qui se sont plac\u00e9es sous son autorit\u00e9. A ce jour, il &hellip; <\/p>\n<p class=\"link-more\"><a href=\"https:\/\/gol.lu\/index.php\/qui-sommes-nous\/\" class=\"more-link\">Continuer la lecture<span class=\"screen-reader-text\"> de &laquo;&nbsp;Qui sommes nous?&nbsp;&raquo;<\/span><\/a><\/p>\n","protected":false},"author":5,"featured_media":396,"parent":0,"menu_order":0,"comment_status":"closed","ping_status":"closed","template":"","meta":{"footnotes":""},"class_list":["post-22","page","type-page","status-publish","has-post-thumbnail","hentry"],"aioseo_notices":[],"jetpack_shortlink":"https:\/\/wp.me\/Pf1Mle-m","jetpack_sharing_enabled":true,"_links":{"self":[{"href":"https:\/\/gol.lu\/index.php\/wp-json\/wp\/v2\/pages\/22","targetHints":{"allow":["GET"]}}],"collection":[{"href":"https:\/\/gol.lu\/index.php\/wp-json\/wp\/v2\/pages"}],"about":[{"href":"https:\/\/gol.lu\/index.php\/wp-json\/wp\/v2\/types\/page"}],"author":[{"embeddable":true,"href":"https:\/\/gol.lu\/index.php\/wp-json\/wp\/v2\/users\/5"}],"replies":[{"embeddable":true,"href":"https:\/\/gol.lu\/index.php\/wp-json\/wp\/v2\/comments?post=22"}],"version-history":[{"count":19,"href":"https:\/\/gol.lu\/index.php\/wp-json\/wp\/v2\/pages\/22\/revisions"}],"predecessor-version":[{"id":1176,"href":"https:\/\/gol.lu\/index.php\/wp-json\/wp\/v2\/pages\/22\/revisions\/1176"}],"wp:featuredmedia":[{"embeddable":true,"href":"https:\/\/gol.lu\/index.php\/wp-json\/wp\/v2\/media\/396"}],"wp:attachment":[{"href":"https:\/\/gol.lu\/index.php\/wp-json\/wp\/v2\/media?parent=22"}],"curies":[{"name":"wp","href":"https:\/\/api.w.org\/{rel}","templated":true}]}}