{"id":236,"date":"2023-05-25T15:03:38","date_gmt":"2023-05-25T15:03:38","guid":{"rendered":"https:\/\/gol.noemi.lu\/?page_id=236"},"modified":"2024-01-04T20:03:28","modified_gmt":"2024-01-04T19:03:28","slug":"licht-und-wahrheit","status":"publish","type":"page","link":"https:\/\/gol.lu\/index.php\/licht-und-wahrheit\/","title":{"rendered":"Licht und Wahrheit"},"content":{"rendered":"\r\n<figure class=\"wp-block-table has-small-font-size\">\r\n<table class=\"has-fixed-layout\">\r\n<tbody>\r\n<tr>\r\n<td class=\"has-text-align-right\" data-align=\"right\">Date d\u2019adh\u00e9sion<\/td>\r\n<td>1991<\/td>\r\n<\/tr>\r\n<tr>\r\n<td class=\"has-text-align-right\" data-align=\"right\">N\u00b0 5<\/td>\r\n<td>Loge mixte<\/td>\r\n<\/tr>\r\n<tr>\r\n<td class=\"has-text-align-right\" data-align=\"right\">Tenues<\/td>\r\n<td>g\u00e9n\u00e9ralement le samedi<\/td>\r\n<\/tr>\r\n<tr>\r\n<td class=\"has-text-align-right\" data-align=\"right\">Lieu<\/td>\r\n<td>Bonn (Allemagne)<\/td>\r\n<\/tr>\r\n<tr>\r\n<td class=\"has-text-align-right\" data-align=\"right\">Langue v\u00e9hiculaire<\/td>\r\n<td>Allemand et parfois fran\u00e7ais<\/td>\r\n<\/tr>\r\n<tr>\r\n<td class=\"has-text-align-right\" data-align=\"right\">Contact<\/td>\r\n<td><a href=\"https:\/\/loge-licht-und-wahrheit.jimdosite.com\/\" data-type=\"URL\" data-id=\"https:\/\/loge-licht-und-wahrheit.jimdosite.com\/\">https:\/\/loge-licht-und-wahrheit.jimdosite.com\/<\/a><\/td>\r\n<\/tr>\r\n<\/tbody>\r\n<\/table>\r\n<\/figure>\r\n\r\n\r\n\r\n<p>La Loge\u00a0<em>Lumi\u00e8re et V\u00e9rit\u00e9<\/em>\u00a0bas\u00e9e \u00e0 Bonn a \u00e9t\u00e9 fond\u00e9e en 1985. Elle a une histoire particuli\u00e8re\u00a0puisque ses fondateurs \u00e9taient pour la plupart des francophones de diff\u00e9rents pays vivant temporairement en Rh\u00e9nanie. Avec quelques S\u0153urs et Fr\u00e8res allemands de la r\u00e9gion, ils d\u00e9cid\u00e8rent de cr\u00e9er une Loge mixte, lib\u00e9rale et adogmatique, alors que seule la Franc-Ma\u00e7onnerie masculine dite \u00ab\u00a0r\u00e9guli\u00e8re\u00a0\u00bb jouait un r\u00f4le outre-Rhin \u00e0 cette \u00e9poque<em>. Lumi\u00e8re et V\u00e9rit\u00e9<\/em>\u00a0fut la premi\u00e8re Loge de la r\u00e9gion de Cologne-Bonn dans laquelle hommes et femmes travaillaient ensemble. La Loge poss\u00e8de un caract\u00e8re international depuis ses d\u00e9buts.<\/p>\r\n\r\n\r\n\r\n<p>En 1991, la Loge est devenue membre du \u00ab\u00a0Grand Orient de Luxembourg\u00a0\u00bb, Ob\u00e9dience dont elle partage sans r\u00e9serve les valeurs lib\u00e9rales. Les Fr\u00e8res et S\u0153urs promeuvent un \u00e9change intellectuel foisonnant sur des sujets de soci\u00e9t\u00e9, de philosophie et de symbolique.\u00a0<em>Lumi\u00e8re et V\u00e9rit\u00e9<\/em>\u00a0entretient des liens \u00e9troits avec ses Fr\u00e8res et S\u0153urs de Loges et d\u2019Ob\u00e9diences amies et re\u00e7oit \u00e0 bras ouverts les Francs-Ma\u00e7ons de toutes Ob\u00e9diences.<\/p>\r\n<p><span style=\"font-size: 10pt;\"><a href=\"https:\/\/gol.lu\/index.php\/fiat-lux\/\" target=\"_blank\" rel=\"noopener\">suivant<\/a><\/span><\/p>\r\n\r\n\r\n\r\n<figure class=\"wp-block-table has-small-font-size\">\r\n<table class=\"has-fixed-layout\">\r\n<tbody>\r\n<tr>\r\n<td class=\"has-text-align-right\" data-align=\"right\">Beitrittsdatum<\/td>\r\n<td>1991<\/td>\r\n<\/tr>\r\n<tr>\r\n<td class=\"has-text-align-right\" data-align=\"right\">N\u00b0 5<\/td>\r\n<td>gemischte Loge<\/td>\r\n<\/tr>\r\n<tr>\r\n<td class=\"has-text-align-right\" data-align=\"right\">Sitzungen<\/td>\r\n<td>in der Regel am Samstag<\/td>\r\n<\/tr>\r\n<tr>\r\n<td class=\"has-text-align-right\" data-align=\"right\">Ort<\/td>\r\n<td>Bonn (Deutschland)<\/td>\r\n<\/tr>\r\n<tr>\r\n<td class=\"has-text-align-right\" data-align=\"right\">Umgangssprache<\/td>\r\n<td>Deutsch und manchmal auch Franz\u00f6sisch<\/td>\r\n<\/tr>\r\n<tr>\r\n<td class=\"has-text-align-right\" data-align=\"right\">Contact<\/td>\r\n<td><a href=\"https:\/\/loge-licht-und-wahrheit.jimdosite.com\/\" data-type=\"URL\" data-id=\"https:\/\/loge-licht-und-wahrheit.jimdosite.com\/\">https:\/\/loge-licht-und-wahrheit.jimdosite.com\/<\/a><\/td>\r\n<\/tr>\r\n<\/tbody>\r\n<\/table>\r\n<\/figure>\r\n\r\n\r\n\r\n<p>Die Loge\u00a0<em>Licht und Wahrheit<\/em>\u00a0in Bonn wurde 1985 gegr\u00fcndet. Sie hatte einen besonderen Weg: Ihre Gr\u00fcnder, \u00fcberwiegend aus dem franz\u00f6sischen Raum, lebten zeitweise im Rheinland. Gemeinsam mit einigen deutschen Schwestern und Br\u00fcdern vor Ort, haben sie es gewagt, eine gemischte, liberale, adogmatische Loge ins Leben zu rufen, als jenseits des Rheins fast noch ausschlie\u00dflich die sog. Regul\u00e4re Freimaurerei f\u00fcr M\u00e4nner eine Rolle spielte. \u201cLicht und Wahrheit\u201d war die erste Loge im Raum K\u00f6ln Bonn in der M\u00e4nner und Frauen gemeinsam arbeiteten. Die Loge hatte von Anbeginn an einen internationalen Charakter.<\/p>\r\n\r\n\r\n\r\n<p>1991 ist die Loge Mitglied des Grand Orient de Luxembourg geworden, dessen liberale Werte sie uneingeschr\u00e4nkt teilt. Den Br\u00fcdern und Schwestern ist der lebendige geistige Austausch \u00fcber gesellschaftliche, philosophische und symbolische Themen ein wichtiges Anliegen.\u00a0<em>Licht und Wahrheit<\/em>\u00a0pflegt intensiv den Kontakt zu Br\u00fcdern und Schwestern befreundeter Logen und Obedienzen und hei\u00dft Maurer aller Obedienzen willkommen.<\/p>\r\n<p><span style=\"font-size: 10pt;\"><a title=\"Fiat Lux\" href=\"https:\/\/gol.lu\/index.php\/fiat-lux\/\" target=\"_blank\" rel=\"noopener\">suivant<\/a><\/span><\/p>\r\n","protected":false},"excerpt":{"rendered":"<p>Date d\u2019adh\u00e9sion 1991 N\u00b0 5 Loge mixte Tenues g\u00e9n\u00e9ralement le samedi Lieu Bonn (Allemagne) Langue v\u00e9hiculaire Allemand et parfois fran\u00e7ais Contact https:\/\/loge-licht-und-wahrheit.jimdosite.com\/ La Loge\u00a0Lumi\u00e8re et V\u00e9rit\u00e9\u00a0bas\u00e9e \u00e0 Bonn a \u00e9t\u00e9 fond\u00e9e en 1985. Elle a une histoire particuli\u00e8re\u00a0puisque ses fondateurs \u00e9taient pour la plupart des francophones de diff\u00e9rents pays vivant temporairement en Rh\u00e9nanie. Avec quelques &hellip; <\/p>\n<p class=\"link-more\"><a href=\"https:\/\/gol.lu\/index.php\/licht-und-wahrheit\/\" class=\"more-link\">Continuer la lecture<span class=\"screen-reader-text\"> de &laquo;&nbsp;Licht und Wahrheit&nbsp;&raquo;<\/span><\/a><\/p>\n","protected":false},"author":5,"featured_media":0,"parent":0,"menu_order":0,"comment_status":"closed","ping_status":"closed","template":"","meta":{"footnotes":""},"class_list":["post-236","page","type-page","status-publish","hentry"],"aioseo_notices":[],"jetpack_shortlink":"https:\/\/wp.me\/Pf1Mle-3O","jetpack_sharing_enabled":true,"_links":{"self":[{"href":"https:\/\/gol.lu\/index.php\/wp-json\/wp\/v2\/pages\/236","targetHints":{"allow":["GET"]}}],"collection":[{"href":"https:\/\/gol.lu\/index.php\/wp-json\/wp\/v2\/pages"}],"about":[{"href":"https:\/\/gol.lu\/index.php\/wp-json\/wp\/v2\/types\/page"}],"author":[{"embeddable":true,"href":"https:\/\/gol.lu\/index.php\/wp-json\/wp\/v2\/users\/5"}],"replies":[{"embeddable":true,"href":"https:\/\/gol.lu\/index.php\/wp-json\/wp\/v2\/comments?post=236"}],"version-history":[{"count":8,"href":"https:\/\/gol.lu\/index.php\/wp-json\/wp\/v2\/pages\/236\/revisions"}],"predecessor-version":[{"id":1249,"href":"https:\/\/gol.lu\/index.php\/wp-json\/wp\/v2\/pages\/236\/revisions\/1249"}],"wp:attachment":[{"href":"https:\/\/gol.lu\/index.php\/wp-json\/wp\/v2\/media?parent=236"}],"curies":[{"name":"wp","href":"https:\/\/api.w.org\/{rel}","templated":true}]}}