{"id":240,"date":"2023-05-25T15:10:47","date_gmt":"2023-05-25T15:10:47","guid":{"rendered":"https:\/\/gol.noemi.lu\/?page_id=240"},"modified":"2023-10-04T15:02:21","modified_gmt":"2023-10-04T13:02:21","slug":"fiat-lux","status":"publish","type":"page","link":"https:\/\/gol.lu\/index.php\/fiat-lux\/","title":{"rendered":"Fiat Lux\u00a0"},"content":{"rendered":"\r\n<figure class=\"wp-block-table has-small-font-size\">\r\n<table class=\"has-fixed-layout\">\r\n<tbody>\r\n<tr>\r\n<td class=\"has-text-align-right\" data-align=\"right\">Date d\u2019adh\u00e9sion<\/td>\r\n<td>2005<\/td>\r\n<\/tr>\r\n<tr>\r\n<td class=\"has-text-align-right\" data-align=\"right\">N\u00b0 8<\/td>\r\n<td>Atelier mixte<\/td>\r\n<\/tr>\r\n<tr>\r\n<td class=\"has-text-align-right\" data-align=\"right\">Tenues<\/td>\r\n<td>les mercredis<\/td>\r\n<\/tr>\r\n<tr>\r\n<td class=\"has-text-align-right\" data-align=\"right\">Lieu<\/td>\r\n<td>Leeuwarden (Pays Bas)<\/td>\r\n<\/tr>\r\n<tr>\r\n<td class=\"has-text-align-right\" data-align=\"right\">Langue v\u00e9hiculaire\u00a0<\/td>\r\n<td>N\u00e9erlandais<\/td>\r\n<\/tr>\r\n<tr>\r\n<td class=\"has-text-align-right\" data-align=\"right\">Contact<\/td>\r\n<td><a href=\"http:\/\/www.logefiatlux.nl\/\" data-type=\"URL\" data-id=\"http:\/\/www.logefiatlux.nl\/\">http:\/\/www.logefiatlux.nl\/<\/a><\/td>\r\n<\/tr>\r\n<\/tbody>\r\n<\/table>\r\n<\/figure>\r\n\r\n\r\n\r\n<p>La loge\u00a0<em>Fiat Lux<\/em>\u00a0se r\u00e9unit \u00e0 Leeuwarden aux Pays Bas. Cette loge, constitu\u00e9e en 1939, est une loge en pleine \u00e9volution. D\u2019une loge de tendance th\u00e9osophique et contemplative, elle est devenue depuis des ann\u00e9es une loge plus ouverte et active.<\/p>\r\n\r\n\r\n\r\n<p>Les membres actuels ont entam\u00e9 un processus de r\u00e9flexion sur les valeurs sp\u00e9cifiquement ma\u00e7onniques.<\/p>\r\n\r\n\r\n\r\n<p>Ainsi, la fraternit\u00e9, les rituels et les liens avec la soci\u00e9t\u00e9 ont \u00e9t\u00e9 int\u00e9gr\u00e9s dans le travail de la loge.<\/p>\r\n\r\n\r\n\r\n<p>Les r\u00e9sultats de ce cheminement sont le renouvellement et l\u2019adaptation des rituels et ensuite, apr\u00e8s une p\u00e9riode d\u2019autonomie, la demande d\u2019affiliation aupr\u00e8s du \u00ab\u00a0Grand Orient de Luxembourg\u00a0\u00bb, ob\u00e9dience adogmatique et pluraliste.<\/p>\r\n<p><span style=\"font-size: 10pt;\"><a href=\"https:\/\/gol.lu\/index.php\/de-ruwe-kassei\/\" target=\"_blank\" rel=\"noopener\">suivant<\/a><\/span><\/p>\r\n","protected":false},"excerpt":{"rendered":"<p>Date d\u2019adh\u00e9sion 2005 N\u00b0 8 Atelier mixte Tenues les mercredis Lieu Leeuwarden (Pays Bas) Langue v\u00e9hiculaire\u00a0 N\u00e9erlandais Contact http:\/\/www.logefiatlux.nl\/ La loge\u00a0Fiat Lux\u00a0se r\u00e9unit \u00e0 Leeuwarden aux Pays Bas. Cette loge, constitu\u00e9e en 1939, est une loge en pleine \u00e9volution. D\u2019une loge de tendance th\u00e9osophique et contemplative, elle est devenue depuis des ann\u00e9es une loge plus &hellip; <\/p>\n<p class=\"link-more\"><a href=\"https:\/\/gol.lu\/index.php\/fiat-lux\/\" class=\"more-link\">Continuer la lecture<span class=\"screen-reader-text\"> de &laquo;&nbsp;Fiat Lux\u00a0&nbsp;&raquo;<\/span><\/a><\/p>\n","protected":false},"author":5,"featured_media":0,"parent":0,"menu_order":0,"comment_status":"closed","ping_status":"closed","template":"","meta":{"footnotes":""},"class_list":["post-240","page","type-page","status-publish","hentry"],"aioseo_notices":[],"jetpack_shortlink":"https:\/\/wp.me\/Pf1Mle-3S","jetpack_sharing_enabled":true,"_links":{"self":[{"href":"https:\/\/gol.lu\/index.php\/wp-json\/wp\/v2\/pages\/240","targetHints":{"allow":["GET"]}}],"collection":[{"href":"https:\/\/gol.lu\/index.php\/wp-json\/wp\/v2\/pages"}],"about":[{"href":"https:\/\/gol.lu\/index.php\/wp-json\/wp\/v2\/types\/page"}],"author":[{"embeddable":true,"href":"https:\/\/gol.lu\/index.php\/wp-json\/wp\/v2\/users\/5"}],"replies":[{"embeddable":true,"href":"https:\/\/gol.lu\/index.php\/wp-json\/wp\/v2\/comments?post=240"}],"version-history":[{"count":7,"href":"https:\/\/gol.lu\/index.php\/wp-json\/wp\/v2\/pages\/240\/revisions"}],"predecessor-version":[{"id":1166,"href":"https:\/\/gol.lu\/index.php\/wp-json\/wp\/v2\/pages\/240\/revisions\/1166"}],"wp:attachment":[{"href":"https:\/\/gol.lu\/index.php\/wp-json\/wp\/v2\/media?parent=240"}],"curies":[{"name":"wp","href":"https:\/\/api.w.org\/{rel}","templated":true}]}}