{"id":243,"date":"2023-05-25T15:12:17","date_gmt":"2023-05-25T15:12:17","guid":{"rendered":"https:\/\/gol.noemi.lu\/?page_id=243"},"modified":"2024-04-10T14:34:02","modified_gmt":"2024-04-10T12:34:02","slug":"de-ruwe-kassei","status":"publish","type":"page","link":"https:\/\/gol.lu\/index.php\/de-ruwe-kassei\/","title":{"rendered":"De Ruwe Kassei\u00a0"},"content":{"rendered":"\r\n<figure class=\"wp-block-table has-small-font-size\">\r\n<table class=\"has-fixed-layout\">\r\n<tbody>\r\n<tr>\r\n<td class=\"has-text-align-right\" data-align=\"right\">Date d\u2019adh\u00e9sion<\/td>\r\n<td>2005<\/td>\r\n<\/tr>\r\n<tr>\r\n<td class=\"has-text-align-right\" data-align=\"right\">N\u00b0 9<\/td>\r\n<td>Loge mixte<\/td>\r\n<\/tr>\r\n<tr>\r\n<td class=\"has-text-align-right\" data-align=\"right\">Tenues<\/td>\r\n<td>tous les jeudis<\/td>\r\n<\/tr>\r\n<tr>\r\n<td class=\"has-text-align-right\" data-align=\"right\">Lieu<\/td>\r\n<td>Gand (Belgique)<\/td>\r\n<\/tr>\r\n<tr>\r\n<td class=\"has-text-align-right\" data-align=\"right\">Langue v\u00e9hiculaire<\/td>\r\n<td>N\u00e9erlandais<\/td>\r\n<\/tr>\r\n<tr>\r\n<td class=\"has-text-align-right\" data-align=\"right\">Contact<\/td>\r\n<td><a href=\"http:\/\/www.deruwekassei.be\/\" data-type=\"URL\" data-id=\"http:\/\/www.deruwekassei.be\/\">http:\/\/www.deruwekassei.be\/<\/a><\/td>\r\n<\/tr>\r\n<\/tbody>\r\n<\/table>\r\n<\/figure>\r\n\r\n\r\n\r\n<p><em>De Ruwe Kassei<\/em>\u00a0est un atelier de Gand (Belgique), fond\u00e9 en 2004 avec pour but d\u2019\u00eatre une loge moderne dans les temps modernes. Depuis janvier 2005, l\u2019atelier fait partie du \u00ab\u00a0Grand Orient de Luxembourg\u00a0\u00bb. Il travaille en n\u00e9erlandais.<\/p>\r\n\r\n\r\n\r\n<p>La loge est ouverte \u00e0 toute personne, homme ou femme, qui est libre de dogme ou de v\u00e9rit\u00e9s absolues, qui t\u00e2che de r\u00e9fl\u00e9chir et de travailler sur soi-m\u00eame ainsi qu\u2019\u00e0 un monde meilleur.<\/p>\r\n\r\n\r\n\r\n<p>Dans l\u2019atelier, on insiste particuli\u00e8rement sur la rencontre de l\u2019autre. Les sujets dont on discute sont importants, mais ils sont surtout des occasions d\u2019\u00e9changes et de rencontres.<\/p>\r\n<p><span style=\"font-size: 10pt;\"><a href=\"https:\/\/gol.lu\/index.php\/diogenes\/\" target=\"_blank\" rel=\"noopener\">suivant<\/a><\/span><\/p>\r\n\r\n\r\n\r\n<figure class=\"wp-block-table has-small-font-size\">\r\n<table class=\"has-fixed-layout\">\r\n<tbody>\r\n<tr>\r\n<td class=\"has-text-align-right\" data-align=\"right\">Aangesloten in<\/td>\r\n<td>2005<\/td>\r\n<\/tr>\r\n<tr>\r\n<td class=\"has-text-align-right\" data-align=\"right\">N\u00b0 9<\/td>\r\n<td>Gemengde Loge<\/td>\r\n<\/tr>\r\n<tr>\r\n<td class=\"has-text-align-right\" data-align=\"right\">Tempelzittingen<\/td>\r\n<td>elke donderdag<\/td>\r\n<\/tr>\r\n<tr>\r\n<td class=\"has-text-align-right\" data-align=\"right\">Plaats<\/td>\r\n<td>Gent (Belgi\u00eb)<\/td>\r\n<\/tr>\r\n<tr>\r\n<td class=\"has-text-align-right\" data-align=\"right\">Voertaal<\/td>\r\n<td>Nederlands<\/td>\r\n<\/tr>\r\n<tr>\r\n<td class=\"has-text-align-right\" data-align=\"right\">Contact<\/td>\r\n<td><a href=\"http:\/\/www.deruwekassei.be\/\" data-type=\"URL\" data-id=\"http:\/\/www.deruwekassei.be\/\">http:\/\/www.deruwekassei.be\/<\/a><\/td>\r\n<\/tr>\r\n<\/tbody>\r\n<\/table>\r\n<\/figure>\r\n\r\n\r\n\r\n<p>De Achtbare Loge\u00a0<em>De Ruwe Kassei<\/em>\u00a0is een werkplaats die zich bevindt in Gent (Belgi\u00eb). Ze werd opgericht in 2004 met als doel een hedendaagse loge te zijn. Sedert januari 2005 maakt deze werkplaats deel uit van her Grootoosten van Luxemburg. De voertaal is Nederlands.<\/p>\r\n\r\n\r\n\r\n<p>De werkplaats staat open voor mannen en vrouwen die geen dogma\u2019s of absolute waarheden aanvaarden, van gedachten willen wisselen met elkaar en willen werken aan zichzelf en aan een betere wereld.\u00a0<\/p>\r\n\r\n\r\n\r\n<p>De werkplaats wil vooral wederzijdse ontmoeting bevorderen. Op de plank staan belangrijke actuele onderwerpen, niet alleen gericht op de uitwisseling van idee\u00ebn en opvattingen maar vooral ook op ontmoeting.<\/p>\r\n<p><span style=\"font-size: 10pt;\"><a href=\"https:\/\/gol.lu\/index.php\/diogenes\/\" target=\"_blank\" rel=\"noopener\">suivant<\/a><\/span><\/p>\r\n","protected":false},"excerpt":{"rendered":"<p>Date d\u2019adh\u00e9sion 2005 N\u00b0 9 Loge mixte Tenues tous les jeudis Lieu Gand (Belgique) Langue v\u00e9hiculaire N\u00e9erlandais Contact http:\/\/www.deruwekassei.be\/ De Ruwe Kassei\u00a0est un atelier de Gand (Belgique), fond\u00e9 en 2004 avec pour but d\u2019\u00eatre une loge moderne dans les temps modernes. Depuis janvier 2005, l\u2019atelier fait partie du \u00ab\u00a0Grand Orient de Luxembourg\u00a0\u00bb. Il travaille en &hellip; <\/p>\n<p class=\"link-more\"><a href=\"https:\/\/gol.lu\/index.php\/de-ruwe-kassei\/\" class=\"more-link\">Continuer la lecture<span class=\"screen-reader-text\"> de &laquo;&nbsp;De Ruwe Kassei\u00a0&nbsp;&raquo;<\/span><\/a><\/p>\n","protected":false},"author":5,"featured_media":0,"parent":0,"menu_order":0,"comment_status":"closed","ping_status":"closed","template":"","meta":{"footnotes":""},"class_list":["post-243","page","type-page","status-publish","hentry"],"aioseo_notices":[],"jetpack_shortlink":"https:\/\/wp.me\/Pf1Mle-3V","jetpack_sharing_enabled":true,"_links":{"self":[{"href":"https:\/\/gol.lu\/index.php\/wp-json\/wp\/v2\/pages\/243","targetHints":{"allow":["GET"]}}],"collection":[{"href":"https:\/\/gol.lu\/index.php\/wp-json\/wp\/v2\/pages"}],"about":[{"href":"https:\/\/gol.lu\/index.php\/wp-json\/wp\/v2\/types\/page"}],"author":[{"embeddable":true,"href":"https:\/\/gol.lu\/index.php\/wp-json\/wp\/v2\/users\/5"}],"replies":[{"embeddable":true,"href":"https:\/\/gol.lu\/index.php\/wp-json\/wp\/v2\/comments?post=243"}],"version-history":[{"count":13,"href":"https:\/\/gol.lu\/index.php\/wp-json\/wp\/v2\/pages\/243\/revisions"}],"predecessor-version":[{"id":1378,"href":"https:\/\/gol.lu\/index.php\/wp-json\/wp\/v2\/pages\/243\/revisions\/1378"}],"wp:attachment":[{"href":"https:\/\/gol.lu\/index.php\/wp-json\/wp\/v2\/media?parent=243"}],"curies":[{"name":"wp","href":"https:\/\/api.w.org\/{rel}","templated":true}]}}