{"id":246,"date":"2023-05-25T15:13:08","date_gmt":"2023-05-25T15:13:08","guid":{"rendered":"https:\/\/gol.noemi.lu\/?page_id=246"},"modified":"2024-01-04T20:13:59","modified_gmt":"2024-01-04T19:13:59","slug":"diogenes","status":"publish","type":"page","link":"https:\/\/gol.lu\/index.php\/diogenes\/","title":{"rendered":"Diogenes"},"content":{"rendered":"\r\n<figure class=\"wp-block-table has-small-font-size\">\r\n<table class=\"has-fixed-layout\">\r\n<tbody>\r\n<tr>\r\n<td class=\"has-text-align-right\" data-align=\"right\">Date d\u2019adh\u00e9sion<\/td>\r\n<td>2005<\/td>\r\n<\/tr>\r\n<tr>\r\n<td class=\"has-text-align-right\" data-align=\"right\">N\u00b0 10<\/td>\r\n<td>Loge mixte<\/td>\r\n<\/tr>\r\n<tr>\r\n<td class=\"has-text-align-right\" data-align=\"right\">Tenues<\/td>\r\n<td>tous les mercredis<\/td>\r\n<\/tr>\r\n<tr>\r\n<td class=\"has-text-align-right\" data-align=\"right\">Lieu<\/td>\r\n<td>Turnhout (Dessel) Belgique<\/td>\r\n<\/tr>\r\n<tr>\r\n<td class=\"has-text-align-right\" data-align=\"right\">Langue v\u00e9hiculaire<\/td>\r\n<td>N\u00e9erlandais<\/td>\r\n<\/tr>\r\n<tr>\r\n<td class=\"has-text-align-right\" data-align=\"right\">Contact<\/td>\r\n<td><a href=\"http:\/\/www.diogenesgol.be\/\" data-type=\"URL\" data-id=\"http:\/\/www.diogenesgol.be\/\">http:\/\/www.diogenesgol.be\/<\/a><\/td>\r\n<\/tr>\r\n<\/tbody>\r\n<\/table>\r\n<\/figure>\r\n\r\n\r\n\r\n<p>La loge\u00a0<em>Diogenes<\/em>\u00a0est un atelier contemporain dont les membres basent le travail en loge sur la parreisia: la franchise, la volont\u00e9 de s\u2019exprimer et la volont\u00e9 d\u2019\u00e9couter l\u2019autre avec le\u00a0 respect des diff\u00e9rences et des antagonismes qui existent en loge comme dans la soci\u00e9t\u00e9.<\/p>\r\n\r\n\r\n\r\n<p>Dans leurs travaux, ils se basent sur la raison et s\u2019abstraient de tout dogme.<\/p>\r\n\r\n\r\n\r\n<p><em>Diogenes<\/em>\u00a0a l\u2019ambition d\u2019\u00eatre une loge d\u00e9mocratique et progressive, qui d\u00e9nonce toute discrimination et qui essaie de lever les barri\u00e8res existantes.<\/p>\r\n\r\n\r\n\r\n<p><em>Diogenes<\/em>\u00a0attend de ses membres un participation active dans la construction et la croissance de l\u2019Atelier et un engagement en soci\u00e9t\u00e9,\u00a0 chacun selon ses moyens, ses talents et ses comp\u00e9tences.<\/p>\r\n\r\n\r\n\r\n<p><em>Diogenes<\/em>\u00a0consid\u00e8re la fraternit\u00e9 comme un agent actif dans l\u2019Atelier et dans la soci\u00e9t\u00e9.<\/p>\r\n<p><span style=\"font-size: 10pt;\"><a href=\"https:\/\/gol.lu\/index.php\/la-fayette\/\" target=\"_blank\" rel=\"noopener\">suivant<\/a><\/span><\/p>\r\n\r\n\r\n\r\n<figure class=\"wp-block-table has-small-font-size\">\r\n<table class=\"has-fixed-layout\">\r\n<tbody>\r\n<tr>\r\n<td class=\"has-text-align-right\" data-align=\"right\">Aangesloten in<\/td>\r\n<td>2005<\/td>\r\n<\/tr>\r\n<tr>\r\n<td class=\"has-text-align-right\" data-align=\"right\">N\u00b0 10<\/td>\r\n<td>Gemengde loge<\/td>\r\n<\/tr>\r\n<tr>\r\n<td class=\"has-text-align-right\" data-align=\"right\">Zittingen<\/td>\r\n<td>elke woensdag<\/td>\r\n<\/tr>\r\n<tr>\r\n<td class=\"has-text-align-right\" data-align=\"right\">Plaats<\/td>\r\n<td>Turnhout (Dessel) Belgi\u00eb<\/td>\r\n<\/tr>\r\n<tr>\r\n<td class=\"has-text-align-right\" data-align=\"right\">Voertaal<\/td>\r\n<td>Nederlands<\/td>\r\n<\/tr>\r\n<tr>\r\n<td class=\"has-text-align-right\" data-align=\"right\">Contact<\/td>\r\n<td><a href=\"http:\/\/www.diogenesgol.be\/\" data-type=\"URL\" data-id=\"http:\/\/www.diogenesgol.be\/\">http:\/\/www.diogenesgol.be\/<\/a><\/td>\r\n<\/tr>\r\n<\/tbody>\r\n<\/table>\r\n<\/figure>\r\n\r\n\r\n\r\n<p>De\u00a0 Achtbare Loge\u00a0<em>Diogenes<\/em>\u00a0wil een eigentijdse en toekomstgerichte loge zijn,\u00a0 zij wil werken ter vervolmaking van de mensheid en steunt daarbij op de rede.<\/p>\r\n\r\n\r\n\r\n<p>Zij legt in haar arbeid de nadruk op de parreisia, de vrijmoedigheid: de vrijheid van spreken en de bereidheid tot luisteren naar elkaar, in respect voor de antagonismen die bestaan in de loge en in de maatschappij.<\/p>\r\n\r\n\r\n\r\n<p><em>Diogenes<\/em>\u00a0neemt zich voor standpunten niet alleen theoretisch uit te diepen, maar in de praktijk te brengen en streeft naar een democratische en progressieve vrijmetselarij. Diogenes wil ijveren voor het doorbreken van iedere vorm van discriminatie en zal trachten\u00a0 scheidingslijnen op te heffen.<\/p>\r\n\r\n\r\n\r\n<p><em>Diogenes<\/em>\u00a0 verwacht van\u00a0 leden dat zij daadwerkelijk bijdragen aan de opbouw en de groei van de werkplaats, ieder volgens mogelijkheden, bekwaamheden en talenten.<\/p>\r\n\r\n\r\n\r\n<p><em>Diogenes<\/em>\u00a0beklemtoont dat broederlijkheid een actief principe is binnen de werkplaats en in de maatschappij. Broederlijkheid betekent meer dan formele verdraagzaamheid, zij komt tot uitdrukking in een actieve en gezamenlijke inzet.<\/p>\r\n<p><span style=\"font-size: 10pt;\"><a href=\"https:\/\/gol.lu\/index.php\/la-fayette\/\" target=\"_blank\" rel=\"noopener\">suivant<\/a><\/span><\/p>\r\n","protected":false},"excerpt":{"rendered":"<p>Date d\u2019adh\u00e9sion 2005 N\u00b0 10 Loge mixte Tenues tous les mercredis Lieu Turnhout (Dessel) Belgique Langue v\u00e9hiculaire N\u00e9erlandais Contact http:\/\/www.diogenesgol.be\/ La loge\u00a0Diogenes\u00a0est un atelier contemporain dont les membres basent le travail en loge sur la parreisia: la franchise, la volont\u00e9 de s\u2019exprimer et la volont\u00e9 d\u2019\u00e9couter l\u2019autre avec le\u00a0 respect des diff\u00e9rences et des antagonismes &hellip; <\/p>\n<p class=\"link-more\"><a href=\"https:\/\/gol.lu\/index.php\/diogenes\/\" class=\"more-link\">Continuer la lecture<span class=\"screen-reader-text\"> de &laquo;&nbsp;Diogenes&nbsp;&raquo;<\/span><\/a><\/p>\n","protected":false},"author":5,"featured_media":0,"parent":0,"menu_order":0,"comment_status":"closed","ping_status":"closed","template":"","meta":{"footnotes":""},"class_list":["post-246","page","type-page","status-publish","hentry"],"aioseo_notices":[],"jetpack_shortlink":"https:\/\/wp.me\/Pf1Mle-3Y","jetpack_sharing_enabled":true,"_links":{"self":[{"href":"https:\/\/gol.lu\/index.php\/wp-json\/wp\/v2\/pages\/246","targetHints":{"allow":["GET"]}}],"collection":[{"href":"https:\/\/gol.lu\/index.php\/wp-json\/wp\/v2\/pages"}],"about":[{"href":"https:\/\/gol.lu\/index.php\/wp-json\/wp\/v2\/types\/page"}],"author":[{"embeddable":true,"href":"https:\/\/gol.lu\/index.php\/wp-json\/wp\/v2\/users\/5"}],"replies":[{"embeddable":true,"href":"https:\/\/gol.lu\/index.php\/wp-json\/wp\/v2\/comments?post=246"}],"version-history":[{"count":13,"href":"https:\/\/gol.lu\/index.php\/wp-json\/wp\/v2\/pages\/246\/revisions"}],"predecessor-version":[{"id":1251,"href":"https:\/\/gol.lu\/index.php\/wp-json\/wp\/v2\/pages\/246\/revisions\/1251"}],"wp:attachment":[{"href":"https:\/\/gol.lu\/index.php\/wp-json\/wp\/v2\/media?parent=246"}],"curies":[{"name":"wp","href":"https:\/\/api.w.org\/{rel}","templated":true}]}}