{"id":249,"date":"2023-05-25T15:21:06","date_gmt":"2023-05-25T15:21:06","guid":{"rendered":"https:\/\/gol.noemi.lu\/?page_id=249"},"modified":"2024-01-04T19:45:59","modified_gmt":"2024-01-04T18:45:59","slug":"la-fayette","status":"publish","type":"page","link":"https:\/\/gol.lu\/index.php\/la-fayette\/","title":{"rendered":"La Fayette\u00a0"},"content":{"rendered":"\r\n<figure class=\"wp-block-table has-small-font-size\">\r\n<table class=\"has-fixed-layout\">\r\n<tbody>\r\n<tr>\r\n<td class=\"has-text-align-right\" data-align=\"right\">Date de cr\u00e9ation<\/td>\r\n<td>2005<\/td>\r\n<\/tr>\r\n<tr>\r\n<td class=\"has-text-align-right\" data-align=\"right\">N\u00b0 11<\/td>\r\n<td>Atelier mixte<\/td>\r\n<\/tr>\r\n<tr>\r\n<td class=\"has-text-align-right\" data-align=\"right\">Travaux<\/td>\r\n<td>les 1<sup>er<\/sup>\u00a0et 3<sup>e<\/sup>\u00a0mercredis du mois<\/td>\r\n<\/tr>\r\n<tr>\r\n<td class=\"has-text-align-right\" data-align=\"right\">Lieu<\/td>\r\n<td>Luxembourg<\/td>\r\n<\/tr>\r\n<tr>\r\n<td class=\"has-text-align-right\" data-align=\"right\">Langue v\u00e9hiculaire<\/td>\r\n<td>Fran\u00e7ais<\/td>\r\n<\/tr>\r\n<tr>\r\n<td class=\"has-text-align-right\" data-align=\"right\">Contact<\/td>\r\n<td>venerable-maitre.lafayette@gol.lu<\/td>\r\n<\/tr>\r\n<\/tbody>\r\n<\/table>\r\n<\/figure>\r\n\r\n\r\n\r\n<p>La Loge\u00a0<em>La Fayette<\/em>\u00a0est une Loge r\u00e9cente de par sa date de cr\u00e9ation (2005), mais compte dans ses rangs des Ma\u00e7ons qui ont travaill\u00e9 de longues ann\u00e9es au sein du \u00ab\u00a0Grand Orient de Luxembourg\u00a0\u00bb.<\/p>\r\n\r\n\r\n\r\n<p>Elle se d\u00e9clare, entre autres, mixte, la\u00efque, d\u00e9mocratique et ouverte.<\/p>\r\n\r\n\r\n\r\n<p><strong>Mixte<\/strong>\u00a0: La Loge\u00a0<em>La Fayette<\/em>\u00a0est un atelier initiant et rassemblant des Ma\u00e7onnes et des Ma\u00e7ons au sein d\u2019une Ob\u00e9dience pluraliste.<\/p>\r\n\r\n\r\n\r\n<p><strong>La\u00efque<\/strong>\u00a0: Convaincue de l\u2019importance du principe de libert\u00e9 absolue de conscience, la Loge\u00a0<em>La Fayette<\/em>\u00a0travaille avec les rituels les plus neutres en la mati\u00e8re, sans r\u00e9f\u00e9rence au Grand Architecte de l\u2019Univers ou au Rite Ecossais, par exemple.<\/p>\r\n\r\n\r\n\r\n<p><strong>D\u00e9mocratique<\/strong>\u00a0: La Commission \u00e9lue des Officiers Dignitaires qui administre la Loge est un organe d\u2019initiative et de proposition. Dans ce r\u00f4le, elle reste \u00e0 l\u2019\u00e9coute permanente de l\u2019ensemble des membres de la Loge.<\/p>\r\n\r\n\r\n\r\n<p><strong>Ouverte<\/strong>\u00a0: Tant aux Hommes qu\u2019aux id\u00e9es. La Loge\u00a0<em>La Fayette<\/em>\u00a0re\u00e7oit tous les Ma\u00e7ons et toutes les Ma\u00e7onnes, r\u00e9guli\u00e8rement initi\u00e9s, sans distinction d\u2019appartenance aux Ob\u00e9diences. Quant aux travaux, ils ne comportent \u00e0 la fois ni planches impos\u00e9es, ni sujets tabous.<\/p>\r\n<p><span style=\"font-size: 10pt;\"><a href=\"https:\/\/gol.lu\/index.php\/europe-et-fraternite-2\/\" target=\"_blank\" rel=\"noopener\">suivant<\/a><\/span><\/p>\r\n","protected":false},"excerpt":{"rendered":"<p>Date de cr\u00e9ation 2005 N\u00b0 11 Atelier mixte Travaux les 1er\u00a0et 3e\u00a0mercredis du mois Lieu Luxembourg Langue v\u00e9hiculaire Fran\u00e7ais Contact venerable-maitre.lafayette@gol.lu La Loge\u00a0La Fayette\u00a0est une Loge r\u00e9cente de par sa date de cr\u00e9ation (2005), mais compte dans ses rangs des Ma\u00e7ons qui ont travaill\u00e9 de longues ann\u00e9es au sein du \u00ab\u00a0Grand Orient de Luxembourg\u00a0\u00bb. Elle &hellip; <\/p>\n<p class=\"link-more\"><a href=\"https:\/\/gol.lu\/index.php\/la-fayette\/\" class=\"more-link\">Continuer la lecture<span class=\"screen-reader-text\"> de &laquo;&nbsp;La Fayette\u00a0&nbsp;&raquo;<\/span><\/a><\/p>\n","protected":false},"author":5,"featured_media":0,"parent":0,"menu_order":0,"comment_status":"closed","ping_status":"closed","template":"","meta":{"footnotes":""},"class_list":["post-249","page","type-page","status-publish","hentry"],"aioseo_notices":[],"jetpack_shortlink":"https:\/\/wp.me\/Pf1Mle-41","jetpack_sharing_enabled":true,"_links":{"self":[{"href":"https:\/\/gol.lu\/index.php\/wp-json\/wp\/v2\/pages\/249","targetHints":{"allow":["GET"]}}],"collection":[{"href":"https:\/\/gol.lu\/index.php\/wp-json\/wp\/v2\/pages"}],"about":[{"href":"https:\/\/gol.lu\/index.php\/wp-json\/wp\/v2\/types\/page"}],"author":[{"embeddable":true,"href":"https:\/\/gol.lu\/index.php\/wp-json\/wp\/v2\/users\/5"}],"replies":[{"embeddable":true,"href":"https:\/\/gol.lu\/index.php\/wp-json\/wp\/v2\/comments?post=249"}],"version-history":[{"count":8,"href":"https:\/\/gol.lu\/index.php\/wp-json\/wp\/v2\/pages\/249\/revisions"}],"predecessor-version":[{"id":1244,"href":"https:\/\/gol.lu\/index.php\/wp-json\/wp\/v2\/pages\/249\/revisions\/1244"}],"wp:attachment":[{"href":"https:\/\/gol.lu\/index.php\/wp-json\/wp\/v2\/media?parent=249"}],"curies":[{"name":"wp","href":"https:\/\/api.w.org\/{rel}","templated":true}]}}