{"id":255,"date":"2023-05-25T15:31:07","date_gmt":"2023-05-25T15:31:07","guid":{"rendered":"https:\/\/gol.noemi.lu\/?page_id=255"},"modified":"2024-01-04T19:53:02","modified_gmt":"2024-01-04T18:53:02","slug":"socrate","status":"publish","type":"page","link":"https:\/\/gol.lu\/index.php\/socrate\/","title":{"rendered":"Socrate"},"content":{"rendered":"\r\n<figure class=\"wp-block-table has-small-font-size\">\r\n<table class=\"has-fixed-layout\">\r\n<tbody>\r\n<tr>\r\n<td class=\"has-text-align-right\" data-align=\"right\">Date d\u2019adh\u00e9sion<\/td>\r\n<td>2016<\/td>\r\n<\/tr>\r\n<tr>\r\n<td class=\"has-text-align-right\" data-align=\"right\">N\u00b0 13<\/td>\r\n<td>Atelier mixte<\/td>\r\n<\/tr>\r\n<tr>\r\n<td class=\"has-text-align-right\" data-align=\"right\">Tenues<\/td>\r\n<td>le 1<sup>er<\/sup>, 3<sup>\u00e8me<\/sup>\u00a0(et le cas \u00e9ch\u00e9ant 5<sup>\u00e8me<\/sup>) lundi du mois<\/td>\r\n<\/tr>\r\n<tr>\r\n<td class=\"has-text-align-right\" data-align=\"right\">Lieu<\/td>\r\n<td>Li\u00e8ge (Belgique)<\/td>\r\n<\/tr>\r\n<tr>\r\n<td class=\"has-text-align-right\" data-align=\"right\">Langue v\u00e9hiculaire<\/td>\r\n<td>Fran\u00e7ais<\/td>\r\n<\/tr>\r\n<tr>\r\n<td class=\"has-text-align-right\" data-align=\"right\">Contact<\/td>\r\n<td>secretaire.socrate@gol.lu<\/td>\r\n<\/tr>\r\n<\/tbody>\r\n<\/table>\r\n<\/figure>\r\n\r\n\r\n\r\n<p>La Loge\u00a0<em>Socrate<\/em>\u00a0est une association mixte qui pr\u00f4ne un esprit de totale libert\u00e9 et de tol\u00e9rance et qui admet en son sein et \u00e0 \u00e9galit\u00e9 absolue des femmes et des hommes, de tous bords, libres et probes, qui s&rsquo;engagent \u00e0 mettre en pratique un id\u00e9al de paix, d&rsquo;amour, de fraternit\u00e9. Elle s\u2019oppose \u00e0 toute forme d\u2019extr\u00e9misme et de totalitarisme.<\/p>\r\n\r\n\r\n\r\n<p>Elle se r\u00e9unit deux fois par mois \u00e0 Li\u00e8ge et demande \u00e0 tous ses membres le respect des autres quelles que soient leurs opinions, afin de constituer un centre permanent d&rsquo;union fraternelle en qu\u00eate d\u2019harmonie et de progr\u00e8s.<\/p>\r\n\r\n\r\n\r\n<p><em>Socrate<\/em>, respecte les Droits de l\u2019Homme, d\u00e9fend la Justice et la Tol\u00e9rance tout en combattant les pr\u00e9jug\u00e9s et toutes formes de discriminations\u00a0: politique, raciale, sexuelle et philosophique. Ses travaux et sa r\u00e9flexion concernent les questions sociales, \u00e9conomiques, morales, \u00e9thiques, soci\u00e9tales et environnementales.<\/p>\r\n\r\n\r\n\r\n<p>Si ce travail doit se faire avec le s\u00e9rieux qui s\u2019impose, elle pense aussi que l\u2019humour et l\u2019humilit\u00e9 sont preuves d\u2019intelligence.<\/p>\r\n<p><span style=\"font-size: 10pt;\"><a href=\"https:\/\/gol.lu\/index.php\/liberte\/\" target=\"_blank\" rel=\"noopener\">suivant<\/a><\/span><\/p>\r\n","protected":false},"excerpt":{"rendered":"<p>Date d\u2019adh\u00e9sion 2016 N\u00b0 13 Atelier mixte Tenues le 1er, 3\u00e8me\u00a0(et le cas \u00e9ch\u00e9ant 5\u00e8me) lundi du mois Lieu Li\u00e8ge (Belgique) Langue v\u00e9hiculaire Fran\u00e7ais Contact secretaire.socrate@gol.lu La Loge\u00a0Socrate\u00a0est une association mixte qui pr\u00f4ne un esprit de totale libert\u00e9 et de tol\u00e9rance et qui admet en son sein et \u00e0 \u00e9galit\u00e9 absolue des femmes et des &hellip; <\/p>\n<p class=\"link-more\"><a href=\"https:\/\/gol.lu\/index.php\/socrate\/\" class=\"more-link\">Continuer la lecture<span class=\"screen-reader-text\"> de &laquo;&nbsp;Socrate&nbsp;&raquo;<\/span><\/a><\/p>\n","protected":false},"author":5,"featured_media":0,"parent":0,"menu_order":0,"comment_status":"closed","ping_status":"closed","template":"","meta":{"footnotes":""},"class_list":["post-255","page","type-page","status-publish","hentry"],"aioseo_notices":[],"jetpack_shortlink":"https:\/\/wp.me\/Pf1Mle-47","jetpack_sharing_enabled":true,"_links":{"self":[{"href":"https:\/\/gol.lu\/index.php\/wp-json\/wp\/v2\/pages\/255","targetHints":{"allow":["GET"]}}],"collection":[{"href":"https:\/\/gol.lu\/index.php\/wp-json\/wp\/v2\/pages"}],"about":[{"href":"https:\/\/gol.lu\/index.php\/wp-json\/wp\/v2\/types\/page"}],"author":[{"embeddable":true,"href":"https:\/\/gol.lu\/index.php\/wp-json\/wp\/v2\/users\/5"}],"replies":[{"embeddable":true,"href":"https:\/\/gol.lu\/index.php\/wp-json\/wp\/v2\/comments?post=255"}],"version-history":[{"count":7,"href":"https:\/\/gol.lu\/index.php\/wp-json\/wp\/v2\/pages\/255\/revisions"}],"predecessor-version":[{"id":1246,"href":"https:\/\/gol.lu\/index.php\/wp-json\/wp\/v2\/pages\/255\/revisions\/1246"}],"wp:attachment":[{"href":"https:\/\/gol.lu\/index.php\/wp-json\/wp\/v2\/media?parent=255"}],"curies":[{"name":"wp","href":"https:\/\/api.w.org\/{rel}","templated":true}]}}