{"id":274,"date":"2023-05-25T17:24:43","date_gmt":"2023-05-25T17:24:43","guid":{"rendered":"https:\/\/gol.noemi.lu\/?page_id=274"},"modified":"2024-01-04T20:48:38","modified_gmt":"2024-01-04T19:48:38","slug":"europe-et-fraternite-2","status":"publish","type":"page","link":"https:\/\/gol.lu\/index.php\/europe-et-fraternite-2\/","title":{"rendered":"Europe et Fraternit\u00e9\u00a0"},"content":{"rendered":"\r\n<figure class=\"wp-block-table has-small-font-size\">\r\n<table class=\"has-fixed-layout\">\r\n<tbody>\r\n<tr>\r\n<td class=\"has-text-align-right\" data-align=\"right\">Date de cr\u00e9ation<\/td>\r\n<td>2015<\/td>\r\n<\/tr>\r\n<tr>\r\n<td class=\"has-text-align-right\" data-align=\"right\">N\u00b0 12<\/td>\r\n<td>Atelier mixte<\/td>\r\n<\/tr>\r\n<tr>\r\n<td class=\"has-text-align-right\" data-align=\"right\">Tenues\u00a0<\/td>\r\n<td>les 1<sup>er<\/sup>\u00a0et 3<sup>e<\/sup>\u00a0vendredi du mois<\/td>\r\n<\/tr>\r\n<tr>\r\n<td class=\"has-text-align-right\" data-align=\"right\">Lieu\u00a0<\/td>\r\n<td>Luxembourg<\/td>\r\n<\/tr>\r\n<tr>\r\n<td class=\"has-text-align-right\" data-align=\"right\">Langue v\u00e9hiculaire<\/td>\r\n<td>Fran\u00e7ais<\/td>\r\n<\/tr>\r\n<tr>\r\n<td class=\"has-text-align-right\" data-align=\"right\">Contact<\/td>\r\n<td>secretaire.europeetfraternite@gol.lu<\/td>\r\n<\/tr>\r\n<\/tbody>\r\n<\/table>\r\n<\/figure>\r\n\r\n\r\n\r\n<p>La loge\u00a0<em>Europe et Fraternit\u00e9<\/em>\u00a0se veut une loge autonome et souveraine, compos\u00e9e de femmes et d\u2019hommes libres, hautement responsables de leurs engagements. La loge est la\u00efque et adogmatique. Elle s\u2019inscrit dans la tradition par son approche du symbolisme \u00e0 travers son rituel ma\u00e7onnique dit \u00ab\u00a0des Anciens\u00a0\u00bb et travaille avec constance pour une humanit\u00e9 meilleure, c\u2019est-\u00e0-dire en vivant avec son temps et en miroir d\u2019un monde en mouvement. Les membres d\u2019<em>Europe et Fraternit\u00e9<\/em>\u00a0acceptent l\u2019autre avec ses diff\u00e9rences et ses richesses personnelles dans un esprit d\u2019enrichissement.<\/p>\r\n\r\n\r\n\r\n<p>Le choix des th\u00e9matiques de travail est ouvert et vari\u00e9, mais la dimension de l\u2019Homme au sein de la Soci\u00e9t\u00e9 face \u00e0 son devenir constitue le socle des \u00e9changes. La loge consid\u00e8re que le symbolisme et la philosophie sont des outils et non des fins en soi.<\/p>\r\n\r\n\r\n\r\n<p>Les fondateurs ont fix\u00e9 que la loge\u00a0<em>Europe et Fraternit\u00e9<\/em>\u00a0soit bien le lieu privil\u00e9gi\u00e9 de la pens\u00e9e aboutie et des \u00e9changes constructifs entre ses membres dans un esprit de totale libert\u00e9 et de tol\u00e9rance, tout en privil\u00e9giant le travail sur soi-m\u00eame. Les fondateurs sont particuli\u00e8rement attach\u00e9s \u00e0 ce que la loge s\u2019inspire d\u2019une fraternit\u00e9 nourrie de travail et d\u2019amour de l\u2019autre. Pour eux, la fraternit\u00e9 r\u00e9sonne comme une puissante valorisation de la vie humaine.<\/p>\r\n\r\n\r\n\r\n<p>Pour la loge, chacun de ses membres reste le porteur de l\u2019id\u00e9al ma\u00e7onnique dans le monde profane par ses actions exemplaires et son implication soci\u00e9tal au quotidien.<\/p>\r\n\r\n\r\n\r\n<p>C\u2019est dans le contexte de la construction de l\u2019Europe plus pr\u00e9cis\u00e9ment que la loge\u00a0<em>Europe et Fraternit\u00e9<\/em>\u00a0consid\u00e8re que la Franc-Ma\u00e7onnerie a plus que jamais un r\u00f4le \u00e0 jouer et ses membres souhaitent \u0153uvrer dans ce sens avec leurs modestes moyens.<\/p>\r\n<p><span style=\"font-size: 10pt;\"><a href=\"https:\/\/gol.lu\/index.php\/socrate\/\" target=\"_blank\" rel=\"noopener\">suivant<\/a><\/span><\/p>\r\n","protected":false},"excerpt":{"rendered":"<p>Date de cr\u00e9ation 2015 N\u00b0 12 Atelier mixte Tenues\u00a0 les 1er\u00a0et 3e\u00a0vendredi du mois Lieu\u00a0 Luxembourg Langue v\u00e9hiculaire Fran\u00e7ais Contact secretaire.europeetfraternite@gol.lu La loge\u00a0Europe et Fraternit\u00e9\u00a0se veut une loge autonome et souveraine, compos\u00e9e de femmes et d\u2019hommes libres, hautement responsables de leurs engagements. La loge est la\u00efque et adogmatique. Elle s\u2019inscrit dans la tradition par son &hellip; <\/p>\n<p class=\"link-more\"><a href=\"https:\/\/gol.lu\/index.php\/europe-et-fraternite-2\/\" class=\"more-link\">Continuer la lecture<span class=\"screen-reader-text\"> de &laquo;&nbsp;Europe et Fraternit\u00e9\u00a0&nbsp;&raquo;<\/span><\/a><\/p>\n","protected":false},"author":5,"featured_media":0,"parent":0,"menu_order":0,"comment_status":"closed","ping_status":"closed","template":"","meta":{"footnotes":""},"class_list":["post-274","page","type-page","status-publish","hentry"],"aioseo_notices":[],"jetpack_shortlink":"https:\/\/wp.me\/Pf1Mle-4q","jetpack_sharing_enabled":true,"_links":{"self":[{"href":"https:\/\/gol.lu\/index.php\/wp-json\/wp\/v2\/pages\/274","targetHints":{"allow":["GET"]}}],"collection":[{"href":"https:\/\/gol.lu\/index.php\/wp-json\/wp\/v2\/pages"}],"about":[{"href":"https:\/\/gol.lu\/index.php\/wp-json\/wp\/v2\/types\/page"}],"author":[{"embeddable":true,"href":"https:\/\/gol.lu\/index.php\/wp-json\/wp\/v2\/users\/5"}],"replies":[{"embeddable":true,"href":"https:\/\/gol.lu\/index.php\/wp-json\/wp\/v2\/comments?post=274"}],"version-history":[{"count":8,"href":"https:\/\/gol.lu\/index.php\/wp-json\/wp\/v2\/pages\/274\/revisions"}],"predecessor-version":[{"id":1252,"href":"https:\/\/gol.lu\/index.php\/wp-json\/wp\/v2\/pages\/274\/revisions\/1252"}],"wp:attachment":[{"href":"https:\/\/gol.lu\/index.php\/wp-json\/wp\/v2\/media?parent=274"}],"curies":[{"name":"wp","href":"https:\/\/api.w.org\/{rel}","templated":true}]}}