{"id":441,"date":"2023-07-23T10:40:18","date_gmt":"2023-07-23T10:40:18","guid":{"rendered":"https:\/\/gol.noemi.lu\/?page_id=441"},"modified":"2026-02-16T20:19:45","modified_gmt":"2026-02-16T19:19:45","slug":"nos-liens","status":"publish","type":"page","link":"https:\/\/gol.lu\/index.php\/nos-liens\/","title":{"rendered":"Nos liens"},"content":{"rendered":"\r\n<p><strong>Le GOL est membre-fondateur du <a href=\"https:\/\/clipsas.org\">Clipsas<\/a>.<\/strong> <br \/>Le Centre de Liaison et d\u2019Information des Puissances ma\u00e7onniques Signataires de l\u2019Appel de Strasbourg a \u00e9t\u00e9 fond\u00e9 le 22 janvier 1961 par plus de 100 Ob\u00e9diences Ma\u00e7onniques dans le monde, dans le respect de la libert\u00e9 absolue de conscience pour r\u00e9unir ce qui est \u00e9pars.<\/p>\r\n\r\n\r\n\r\n<p><strong>Le GOL est \u00e9galement un membre actif de <a href=\"https:\/\/www.ame-ema.eu\/fr\/qui-sommes-nous\">l&rsquo;AME<\/a><\/strong>. <br \/>l&rsquo;Alliance Ma\u00e7onnique Europ\u00e9enne, se d\u00e9finit comme \u00e9tant adogmatique, ce qui signifie qu\u2019elle n\u2019impose aucune croyance \u00e0 ses membres car elle promeut la libert\u00e9 absolue de conscience, le libre-examen et l\u2019esprit critique. <br \/>L\u2019Alliance a pour but la diffusion et la promotion des valeurs et principes dont la Franc-Ma\u00e7onnerie est l\u2019h\u00e9riti\u00e8re vigilante, en particulier la libert\u00e9 de conscience, les id\u00e9aux de d\u00e9mocratie, de fraternit\u00e9, et de dignit\u00e9 humaine.<\/p>\r\n\r\n\r\n\r\n<p>Enfin le GOL a \u00e9t\u00e9 en 1997 l\u2019initiateur des <strong>Rencontres Europ\u00e9ennes de Luxembourg, les <a href=\"https:\/\/www.relux.lu\">RELUX<\/a><\/strong> , dont il soutient depuis annuellement l\u2019organisation.<br \/><span style=\"font-weight: 400;\">Un colloque ouvert au public (entr\u00e9e libre) \u201d<strong>L\u2019Union Europ\u00e9enne face aux nouveaux d\u00e9fis g\u00e9opolitiques<\/strong><\/span><span style=\"font-weight: 400;\">\u00a0\u00bb sera organis\u00e9 par les <\/span><b>Rencontres Europ\u00e9ennes de Luxembourg <\/b><span style=\"font-weight: 400;\">le vendredi 13 mars 2026 \u00e0 l\u2019 ath\u00e9n\u00e9e de Luxembourg. Pour les inscriptions et plus d\u2019informations : <\/span><span style=\"color: #0000ff;\"><span style=\"font-weight: 400;\">\u00a0<\/span><a style=\"color: #0000ff;\" href=\"http:\/\/www.relux.lu\"><span style=\"font-weight: 400;\">www.relux.lu<\/span><\/a><\/span><span style=\"font-weight: 400;\"> et <\/span><span style=\"font-weight: 400; color: #0000ff;\">contact+info@relux.lu<\/span><\/p>\r\n<p>&nbsp;<\/p>\r\n","protected":false},"excerpt":{"rendered":"<p>Le GOL est membre-fondateur du Clipsas. Le Centre de Liaison et d\u2019Information des Puissances ma\u00e7onniques Signataires de l\u2019Appel de Strasbourg a \u00e9t\u00e9 fond\u00e9 le 22 janvier 1961 par plus de 100 Ob\u00e9diences Ma\u00e7onniques dans le monde, dans le respect de la libert\u00e9 absolue de conscience pour r\u00e9unir ce qui est \u00e9pars. Le GOL est \u00e9galement &hellip; <\/p>\n<p class=\"link-more\"><a href=\"https:\/\/gol.lu\/index.php\/nos-liens\/\" class=\"more-link\">Continuer la lecture<span class=\"screen-reader-text\"> de &laquo;&nbsp;Nos liens&nbsp;&raquo;<\/span><\/a><\/p>\n","protected":false},"author":5,"featured_media":394,"parent":0,"menu_order":0,"comment_status":"closed","ping_status":"closed","template":"","meta":{"footnotes":""},"class_list":["post-441","page","type-page","status-publish","has-post-thumbnail","hentry"],"aioseo_notices":[],"jetpack_shortlink":"https:\/\/wp.me\/Pf1Mle-77","jetpack_sharing_enabled":true,"_links":{"self":[{"href":"https:\/\/gol.lu\/index.php\/wp-json\/wp\/v2\/pages\/441","targetHints":{"allow":["GET"]}}],"collection":[{"href":"https:\/\/gol.lu\/index.php\/wp-json\/wp\/v2\/pages"}],"about":[{"href":"https:\/\/gol.lu\/index.php\/wp-json\/wp\/v2\/types\/page"}],"author":[{"embeddable":true,"href":"https:\/\/gol.lu\/index.php\/wp-json\/wp\/v2\/users\/5"}],"replies":[{"embeddable":true,"href":"https:\/\/gol.lu\/index.php\/wp-json\/wp\/v2\/comments?post=441"}],"version-history":[{"count":19,"href":"https:\/\/gol.lu\/index.php\/wp-json\/wp\/v2\/pages\/441\/revisions"}],"predecessor-version":[{"id":1663,"href":"https:\/\/gol.lu\/index.php\/wp-json\/wp\/v2\/pages\/441\/revisions\/1663"}],"wp:featuredmedia":[{"embeddable":true,"href":"https:\/\/gol.lu\/index.php\/wp-json\/wp\/v2\/media\/394"}],"wp:attachment":[{"href":"https:\/\/gol.lu\/index.php\/wp-json\/wp\/v2\/media?parent=441"}],"curies":[{"name":"wp","href":"https:\/\/api.w.org\/{rel}","templated":true}]}}